
{"id":1419,"date":"2022-03-25T18:07:02","date_gmt":"2022-03-25T17:07:02","guid":{"rendered":"https:\/\/procanyoningcazorla.es\/procanyoningcazorla\/?page_id=1419"},"modified":"2023-05-24T12:32:48","modified_gmt":"2023-05-24T10:32:48","slug":"tarifas","status":"publish","type":"page","link":"https:\/\/procanyoningcazorla.es\/procanyoningcazorla\/tarifas\/","title":{"rendered":"Tarifas"},"content":{"rendered":"\n<p><em><strong>*Precio por Persona.<\/strong><\/em>  <\/p>\n\n\n\n<p class=\"has-text-align-center has-vivid-red-color has-text-color\">\u00a1Combina actividades a tu gusto y cons\u00faltanos para obtener descuentos!<\/p>\n\n\n\n<p class=\"has-white-color has-pale-cyan-blue-background-color has-text-color has-background has-medium-font-size\"><strong>Barranquismo<\/strong><\/p>\n\n\n\n<p>-Barranquismo en la Cerrada del Utrero (R\u00edo Guadalquivir) 40\u20ac.<\/p>\n\n\n\n<p>-Barranquismo en la Bolera (R\u00edo Guadalent\u00edn) 50\u20ac.<\/p>\n\n\n\n<p><\/p>\n\n\n\n<p class=\"has-white-color has-cyan-bluish-gray-background-color has-text-color has-background has-medium-font-size\"><strong>V\u00edas Ferratas<\/strong><\/p>\n\n\n\n<p><strong>V\u00eda Ferrata en la Mocha (La Iruela)<\/strong><\/p>\n\n\n\n<ul class=\"wp-block-list\">\n<li>Precio Gu\u00eda y Material Necesario:&nbsp;40\u20ac. <\/li>\n<\/ul>\n\n\n\n<ul class=\"wp-block-list\">\n<li>Precio sin Gu\u00eda y Material Empresa: 25\u20ac.<\/li>\n<\/ul>\n\n\n\n<ul class=\"wp-block-list\">\n<li>Sin Gu\u00eda y con tu propio material: 10\u20ac.<\/li>\n<\/ul>\n\n\n\n<p><strong>V\u00eda Ferrata en la Escaleruela (Cazorla)<\/strong><\/p>\n\n\n\n<ul class=\"wp-block-list\">\n<li>Precio Gu\u00eda y Material Necesario:&nbsp;40\u20ac. <\/li>\n<\/ul>\n\n\n\n<ul class=\"wp-block-list\">\n<li>Precio sin Gu\u00eda y Material Empresa: 25\u20ac.<\/li>\n<\/ul>\n\n\n\n<ul class=\"wp-block-list\">\n<li>Sin Gu\u00eda y con tu propio material: 10\u20ac.<\/li>\n<\/ul>\n\n\n\n<p><\/p>\n\n\n\n<p class=\"has-white-color has-vivid-green-cyan-background-color has-text-color has-background has-medium-font-size\"><strong>Puentes Arb\u00f3reos<\/strong><\/p>\n\n\n\n<p>Puentes Arb\u00f3reos en puro bosque aut\u00f3ctono mediterr\u00e1neo: 25\u20ac.<\/p>\n\n\n\n<p><\/p>\n\n\n\n<p class=\"has-white-color has-luminous-vivid-amber-background-color has-text-color has-background has-medium-font-size\"><strong>Espeleolog\u00eda<\/strong><\/p>\n\n\n\n<p>Cueva PB4: 35\u20ac.<\/p>\n\n\n\n<p>Cueva Poyo Manquillo: 25\u20ac.<\/p>\n\n\n\n<p><\/p>\n\n\n\n<p class=\"has-white-color has-cyan-bluish-gray-background-color has-text-color has-background has-medium-font-size\"><strong>Multiaventura<\/strong><\/p>\n\n\n\n<p>Escalada: 25\u20ac.<\/p>\n\n\n\n<p>Tirolina: 25\u20ac.<\/p>\n\n\n\n<p>Rapel:25\u20ac.<\/p>\n\n\n\n<p><\/p>\n\n\n\n<p class=\"has-white-color has-vivid-green-cyan-background-color has-text-color has-background has-medium-font-size\"><strong>Senderismo y Trekking<\/strong><\/p>\n\n\n\n<p>Ruta Guiada Media Jornada: 15\u20ac.<\/p>\n\n\n\n<p>Ruta Guiada Jornada Completa: 30\u20ac<\/p>\n\n\n\n<p><\/p>\n\n\n\n<p class=\"has-white-color has-pale-cyan-blue-background-color has-text-color has-background has-medium-font-size\"><strong>Ruta en Kayac<\/strong><\/p>\n\n\n\n<p>Ruta por el Pantano del Tranco (Parque Natural Cazorla, Segura y las Villas): 20\u20ac.<\/p>\n\n\n\n<p>Ruta Guiada por el Pantano de la Bolera (Parque Natural Cazorla, Segura y las Villas): 35\u20ac (*Empresa Colaboradora).<\/p>\n\n\n\n<p><\/p>\n\n\n\n<p class=\"has-white-color has-vivid-green-cyan-background-color has-text-color has-background has-medium-font-size\"><strong>Rutas BTT<\/strong><\/p>\n\n\n\n<p>Ruta Guiada Media Jornada: 20\u20ac.<\/p>\n\n\n\n<p>Ruta Guiada Jornada Completa: 30\u20ac.<\/p>\n\n\n\n<p><\/p>\n\n\n\n<p class=\"has-text-align-center\">_____________________________________________________________<\/p>\n\n\n\n<p class=\"has-text-align-center has-medium-font-size\"><strong>Empresas Colaboradoras<\/strong><\/p>\n\n\n\n<p class=\"has-white-color has-vivid-cyan-blue-background-color has-text-color has-background has-medium-font-size\"><strong>Rafting<\/strong><\/p>\n\n\n\n<p>Rafting + Barranquismo: 75\u20ac.<\/p>\n\n\n\n<p>Rafting + V\u00eda Ferrata: 75\u20ac.<\/p>\n\n\n\n<p>Rafting + (Otra Actividad Consultar).<\/p>\n\n\n\n<p><\/p>\n\n\n\n<p class=\"has-white-color has-text-color has-background has-medium-font-size\" style=\"background-color:#e98f51\"><strong>Rutas a Caballo<\/strong><\/p>\n\n\n\n<p>Rutas a Caballo en el Parque Natural de Cazorla, Segura y las Villas (1h) : 25\u20ac<\/p>\n\n\n\n<p>Rutas a Caballo en el Parque Natural de Cazorla, Segura y las Villas (2h) : 50\u20ac<\/p>\n\n\n\n<p><\/p>\n\n\n\n<p><\/p>\n","protected":false},"excerpt":{"rendered":"<p>*Precio por Persona. \u00a1Combina actividades a tu gusto y cons\u00faltanos para obtener descuentos! Barranquismo -Barranquismo en la Cerrada del Utrero<\/p>\n","protected":false},"author":1,"featured_media":0,"parent":0,"menu_order":0,"comment_status":"closed","ping_status":"closed","template":"","meta":{"_monsterinsights_skip_tracking":false,"_monsterinsights_sitenote_active":false,"_monsterinsights_sitenote_note":"","_monsterinsights_sitenote_category":0,"jetpack_post_was_ever_published":false,"footnotes":""},"class_list":["post-1419","page","type-page","status-publish","hentry"],"aioseo_notices":[],"jetpack_sharing_enabled":true,"_links":{"self":[{"href":"https:\/\/procanyoningcazorla.es\/procanyoningcazorla\/wp-json\/wp\/v2\/pages\/1419","targetHints":{"allow":["GET"]}}],"collection":[{"href":"https:\/\/procanyoningcazorla.es\/procanyoningcazorla\/wp-json\/wp\/v2\/pages"}],"about":[{"href":"https:\/\/procanyoningcazorla.es\/procanyoningcazorla\/wp-json\/wp\/v2\/types\/page"}],"author":[{"embeddable":true,"href":"https:\/\/procanyoningcazorla.es\/procanyoningcazorla\/wp-json\/wp\/v2\/users\/1"}],"replies":[{"embeddable":true,"href":"https:\/\/procanyoningcazorla.es\/procanyoningcazorla\/wp-json\/wp\/v2\/comments?post=1419"}],"version-history":[{"count":28,"href":"https:\/\/procanyoningcazorla.es\/procanyoningcazorla\/wp-json\/wp\/v2\/pages\/1419\/revisions"}],"predecessor-version":[{"id":1508,"href":"https:\/\/procanyoningcazorla.es\/procanyoningcazorla\/wp-json\/wp\/v2\/pages\/1419\/revisions\/1508"}],"wp:attachment":[{"href":"https:\/\/procanyoningcazorla.es\/procanyoningcazorla\/wp-json\/wp\/v2\/media?parent=1419"}],"curies":[{"name":"wp","href":"https:\/\/api.w.org\/{rel}","templated":true}]}}