
{"id":265,"date":"2019-05-10T22:13:31","date_gmt":"2019-05-10T20:13:31","guid":{"rendered":"http:\/\/u214768256.hostingerapp.com\/procanyoningcazorla\/?page_id=265"},"modified":"2022-04-03T10:04:31","modified_gmt":"2022-04-03T08:04:31","slug":"aguas-mulas","status":"publish","type":"page","link":"https:\/\/procanyoningcazorla.es\/procanyoningcazorla\/senderismo-y-trekking\/aguas-mulas\/","title":{"rendered":"Ruta Guiada Aguas Mulas"},"content":{"rendered":"\n<p>Nacimiento del Aguamulas<div><br>Distancia: 20,5 kms (ida y vuelta)     <\/div><\/p>\n\n\n\n<p>Desnivel: 732m<\/p>\n\n\n\n<p>Dificultad: Media<\/p>\n\n\n\n<p><br>El Nacimiento del Aguamulas es uno de los m\u00e1s espectaculares de la Sierra de Cazorla y Segura, debido a la violencia con la que el agua rompe la pared, a media altura, dando lugar a dos chorros gemelos que le han valido el nombre popular de Los Merguizos del Aguamulas.<\/p>\n\n\n\n<p>Ruta Nacimiento del Aguamulas<\/p>\n\n\n\n<p>Este singular rinc\u00f3n puede visitarse en una ruta senderista que, partiendo de la Casa Foestal de los Bonales, asciende por una pista amplia y sin mayor dificultad hasta el Cortijo de la Fresnedilla, desde donde ya podemos ver y escuchar los potentes chorros del nacimiento.<\/p>\n\n\n\n<p>Ruta Nacimiento del Aguamulas<\/p>\n\n\n\n<p>Desde la Fresnedilla se pierde el camino, y debemos seguir por el paso que nos parezca m\u00e1s sencillo hasta el r\u00edo. Una vez alcancemos el r\u00edo, solo queda remontarlo hasta el nacimiento y disfrutar de la violencia con la que se origina este corto pero bell\u00edsimo y caudaloso torrente.<\/p>\n\n\n\n<p>\u2013<strong>M\u00ednimo de participante<\/strong>: 3<\/p>\n\n\n\n<p>\u2013<strong>Tiempo de la actividad:<\/strong>&nbsp;media jornada.<\/p>\n\n\n\n<p>\u2013<strong>Precio:<\/strong>&nbsp;20\u20ac<\/p>\n\n\n\n<p>\u2013<strong>Nivel T\u00e9cnico<\/strong>: bajo-medio.<\/p>\n\n\n\n<p>\u2013<strong>Nivel del los participante<\/strong>: bajo-medio.<\/p>\n\n\n\n<p>\u2013<strong>Incluimos<\/strong>: gu\u00edas y monitores titulados, seguro de responsabilidad civil, seguro de accidentes,&nbsp;<strong>adem\u00e1s hacemos reportaje fotogr\u00e1fico GRATUITO<\/strong>.<\/p>\n\n\n\n<p>\u2013<strong>Material<\/strong>; calzado con cordones o botas de trekking con buen agarre, ropa c\u00f3moda, agua, documentaci\u00f3n personal.<\/p>\n\n\n\n<p><strong>-Material aportado por la empresa:<\/strong> botiqu\u00edn.<\/p>\n\n\n\n<p>\u2013<strong>Consejos:<\/strong>&nbsp;llevar agua 1 litro m\u00ednimo, protecci\u00f3n solar,&nbsp;si tenemos lente de contacto, traer alg\u00fan tipo de sujeci\u00f3n, para los que tienen el pelo largo hacer una trenza.<\/p>\n\n\n\n<br>\n<br>\n\n\n\n<p>\u00bfIndicaciones hasta el inicio de la Ruta?<br><\/p>\n\n\n\n<iframe loading=\"lazy\" src=\"https:\/\/www.google.com\/maps\/embed?pb=!1m18!1m12!1m3!1d2409.965661424382!2d-2.8239820066977623!3d38.05893509517272!2m3!1f0!2f0!3f0!3m2!1i1024!2i768!4f13.1!3m3!1m2!1s0xd6f0c5919d295b5%3A0x877b8a88422df929!2sCasa+de+los+Bonales!5e1!3m2!1ses!2ses!4v1559488810761!5m2!1ses!2ses\" style=\"border:0\" allowfullscreen=\"\" width=\"600\" height=\"450\" frameborder=\"0\"><\/iframe>\n\n\n\n<ul class=\"wp-block-list\"><li> Precio por persona: 20\u20ac <\/li><\/ul>\n\n\n\n<div class=\"wp-block-group\"><div class=\"wp-block-group__inner-container is-layout-flow wp-block-group-is-layout-flow\"><\/div><\/div>\n\n\n\n<div class=\"wp-block-button aligncenter\"><a class=\"wp-block-button__link\" href=\"http:\/\/procanyoningcazorla.es\/procanyoningcazorla\/contacto\/\">Reservar<\/a><\/div>\n\n\n","protected":false},"excerpt":{"rendered":"<p>Nacimiento del Aguamulas Distancia: 20,5 kms (ida y vuelta) Desnivel: 732m Dificultad: Media El Nacimiento del Aguamulas es uno de<\/p>\n","protected":false},"author":1,"featured_media":0,"parent":68,"menu_order":0,"comment_status":"open","ping_status":"closed","template":"","meta":{"_monsterinsights_skip_tracking":false,"_monsterinsights_sitenote_active":false,"_monsterinsights_sitenote_note":"","_monsterinsights_sitenote_category":0,"jetpack_post_was_ever_published":false,"footnotes":""},"class_list":["post-265","page","type-page","status-publish","hentry"],"aioseo_notices":[],"jetpack_sharing_enabled":true,"_links":{"self":[{"href":"https:\/\/procanyoningcazorla.es\/procanyoningcazorla\/wp-json\/wp\/v2\/pages\/265","targetHints":{"allow":["GET"]}}],"collection":[{"href":"https:\/\/procanyoningcazorla.es\/procanyoningcazorla\/wp-json\/wp\/v2\/pages"}],"about":[{"href":"https:\/\/procanyoningcazorla.es\/procanyoningcazorla\/wp-json\/wp\/v2\/types\/page"}],"author":[{"embeddable":true,"href":"https:\/\/procanyoningcazorla.es\/procanyoningcazorla\/wp-json\/wp\/v2\/users\/1"}],"replies":[{"embeddable":true,"href":"https:\/\/procanyoningcazorla.es\/procanyoningcazorla\/wp-json\/wp\/v2\/comments?post=265"}],"version-history":[{"count":29,"href":"https:\/\/procanyoningcazorla.es\/procanyoningcazorla\/wp-json\/wp\/v2\/pages\/265\/revisions"}],"predecessor-version":[{"id":1459,"href":"https:\/\/procanyoningcazorla.es\/procanyoningcazorla\/wp-json\/wp\/v2\/pages\/265\/revisions\/1459"}],"up":[{"embeddable":true,"href":"https:\/\/procanyoningcazorla.es\/procanyoningcazorla\/wp-json\/wp\/v2\/pages\/68"}],"wp:attachment":[{"href":"https:\/\/procanyoningcazorla.es\/procanyoningcazorla\/wp-json\/wp\/v2\/media?parent=265"}],"curies":[{"name":"wp","href":"https:\/\/api.w.org\/{rel}","templated":true}]}}