
{"id":38,"date":"2019-05-02T17:56:36","date_gmt":"2019-05-02T15:56:36","guid":{"rendered":"http:\/\/u214768256.hostingerapp.com\/procanyoningcazorla\/?page_id=38"},"modified":"2022-04-13T13:20:51","modified_gmt":"2022-04-13T11:20:51","slug":"barranquismo","status":"publish","type":"page","link":"https:\/\/procanyoningcazorla.es\/procanyoningcazorla\/barranquismo\/","title":{"rendered":"Barranquismo o Descenso de Ca\u00f1ones"},"content":{"rendered":"\n<p>\u00bfQu\u00e9 es el Barranquismo o Descenso de Ca\u00f1ones?<\/p>\n\n\n\n<p>Como dice mi madre: \u00abEs bajar un r\u00edo, por donde no es\u00bb.<\/p>\n\n\n\n<p>Ahora en serio. Es un deporte de aventura que se practica en los ca\u00f1ones o barrancos creados por la erosi\u00f3n de un r\u00edo, consiste en ir superando estos cambios de recorrido: caminando, nadando, escalando, destrepando, saltando a las pozas, rapelando, etc. Pudiendo presentar un recorrido muy variado, tambi\u00e9n se encuentran tramos con poco caudal e incluso secos.<\/p>\n\n\n\n<p>Con Procanyoning tenemos la posibilidad de hacer dos niveles de barranquismo en pleno Parque Natural de Cazorla, Segura y las Villas. Desde lo que consideramos como barrancos de iniciaci\u00f3n(Nivel 1) que podemos hacer toda la familia, hasta Barrancos m\u00e1s t\u00e9cnicos(Nivel 2 en adelante).<\/p>\n\n\n\n<p><br><\/p>\n\n\n\n<p class=\"has-text-align-center has-medium-font-size\"><strong>Nivel 1: <\/strong><\/p>\n\n\n\n<p class=\"has-text-align-center\"><strong><a rel=\"noreferrer noopener\" aria-label=\" (abre en una nueva pesta\u00f1a)\" href=\"http:\/\/procanyoningcazorla.es\/procanyoningcazorla\/barranquismo-en-la-cerrada-de-utrero\/\" target=\"_blank\">Barranquismo en la Cerrada de Utrero<\/a><\/strong><\/p>\n\n\n\n<figure class=\"wp-block-embed-wordpress wp-block-embed is-type-wp-embed is-provider-procanyoning\"><div class=\"wp-block-embed__wrapper\">\n<blockquote class=\"wp-embedded-content\" data-secret=\"GYGe3ufdw3\"><a href=\"https:\/\/procanyoningcazorla.es\/procanyoningcazorla\/barranquismo\/barranquismo-en-la-cerrada-de-utrero\/\">Barranquismo en la Cerrada de Utrero (R\u00edo Guadalquivir)<\/a><\/blockquote><iframe loading=\"lazy\" class=\"wp-embedded-content\" sandbox=\"allow-scripts\" security=\"restricted\" style=\"position: absolute; clip: rect(1px, 1px, 1px, 1px);\" title=\"\u00abBarranquismo en la Cerrada de Utrero (R\u00edo Guadalquivir)\u00bb \u2014 Procanyoning\" src=\"https:\/\/procanyoningcazorla.es\/procanyoningcazorla\/barranquismo\/barranquismo-en-la-cerrada-de-utrero\/embed\/#?secret=RHSzsGaxie#?secret=GYGe3ufdw3\" data-secret=\"GYGe3ufdw3\" width=\"600\" height=\"338\" frameborder=\"0\" marginwidth=\"0\" marginheight=\"0\" scrolling=\"no\"><\/iframe>\n<\/div><\/figure>\n\n\n\n<p><br><\/p>\n\n\n\n<p class=\"has-text-align-center has-medium-font-size\"><strong>PRECIO: 40 \u20ac PERSONA<\/strong><\/p>\n\n\n\n<div class=\"wp-block-group\"><div class=\"wp-block-group__inner-container is-layout-flow wp-block-group-is-layout-flow\"><\/div><\/div>\n\n\n\n<div class=\"wp-block-button aligncenter\"><a class=\"wp-block-button__link\" href=\"http:\/\/procanyoningcazorla.es\/procanyoningcazorla\/contacto\/\">Reservar<\/a><\/div>\n\n\n\n\n\n\n\n<p class=\"has-text-align-center has-medium-font-size\"><strong> Nivel 2: <\/strong><\/p>\n\n\n\n<p class=\"has-text-align-center\"><strong><a href=\"http:\/\/procanyoningcazorla.es\/procanyoningcazorla\/barranquismo\/barranquismo-en-la-cerrada-del-rio-guadalentin-pantano-de-la-bolera\/\">Barranquismo en la Cerrada del R\u00edo Guadalent\u00edn (Pantano de la Bolera) <\/a><\/strong><\/p>\n\n\n\n<figure class=\"wp-block-embed-wordpress alignfull wp-block-embed is-type-wp-embed is-provider-procanyoning\"><div class=\"wp-block-embed__wrapper\">\n<blockquote class=\"wp-embedded-content\" data-secret=\"OUMv8OwkNs\"><a href=\"https:\/\/procanyoningcazorla.es\/procanyoningcazorla\/barranquismo\/barranquismo-en-la-cerrada-del-rio-guadalentin-pantano-de-la-bolera\/\">Barranquismo en la Cerrada del R\u00edo Guadalent\u00edn (Pantano de la Bolera)<\/a><\/blockquote><iframe loading=\"lazy\" class=\"wp-embedded-content\" sandbox=\"allow-scripts\" security=\"restricted\" style=\"position: absolute; clip: rect(1px, 1px, 1px, 1px);\" title=\"\u00abBarranquismo en la Cerrada del R\u00edo Guadalent\u00edn (Pantano de la Bolera)\u00bb \u2014 Procanyoning\" src=\"https:\/\/procanyoningcazorla.es\/procanyoningcazorla\/barranquismo\/barranquismo-en-la-cerrada-del-rio-guadalentin-pantano-de-la-bolera\/embed\/#?secret=uYAOeby5RS#?secret=OUMv8OwkNs\" data-secret=\"OUMv8OwkNs\" width=\"600\" height=\"338\" frameborder=\"0\" marginwidth=\"0\" marginheight=\"0\" scrolling=\"no\"><\/iframe>\n<\/div><\/figure>\n\n\n\n<p class=\"has-text-align-center has-medium-font-size\"><strong>PRECIO: 50 \u20ac PERSONA<\/strong><\/p>\n\n\n\n<div class=\"wp-block-group\"><div class=\"wp-block-group__inner-container is-layout-flow wp-block-group-is-layout-flow\"><\/div><\/div>\n\n\n\n<div class=\"wp-block-button aligncenter\"><a class=\"wp-block-button__link\" href=\"http:\/\/procanyoningcazorla.es\/procanyoningcazorla\/contacto\/\">Reservar<\/a><\/div>\n\n\n\n\n\n<p><br><\/p>\n","protected":false},"excerpt":{"rendered":"<p>\u00bfQu\u00e9 es el Barranquismo o Descenso de Ca\u00f1ones? Como dice mi madre: \u00abEs bajar un r\u00edo, por donde no es\u00bb.<\/p>\n","protected":false},"author":1,"featured_media":1266,"parent":0,"menu_order":0,"comment_status":"open","ping_status":"closed","template":"","meta":{"_monsterinsights_skip_tracking":false,"_monsterinsights_sitenote_active":false,"_monsterinsights_sitenote_note":"","_monsterinsights_sitenote_category":0,"jetpack_post_was_ever_published":false,"footnotes":""},"class_list":["post-38","page","type-page","status-publish","has-post-thumbnail","hentry"],"aioseo_notices":[],"jetpack_sharing_enabled":true,"_links":{"self":[{"href":"https:\/\/procanyoningcazorla.es\/procanyoningcazorla\/wp-json\/wp\/v2\/pages\/38","targetHints":{"allow":["GET"]}}],"collection":[{"href":"https:\/\/procanyoningcazorla.es\/procanyoningcazorla\/wp-json\/wp\/v2\/pages"}],"about":[{"href":"https:\/\/procanyoningcazorla.es\/procanyoningcazorla\/wp-json\/wp\/v2\/types\/page"}],"author":[{"embeddable":true,"href":"https:\/\/procanyoningcazorla.es\/procanyoningcazorla\/wp-json\/wp\/v2\/users\/1"}],"replies":[{"embeddable":true,"href":"https:\/\/procanyoningcazorla.es\/procanyoningcazorla\/wp-json\/wp\/v2\/comments?post=38"}],"version-history":[{"count":54,"href":"https:\/\/procanyoningcazorla.es\/procanyoningcazorla\/wp-json\/wp\/v2\/pages\/38\/revisions"}],"predecessor-version":[{"id":1464,"href":"https:\/\/procanyoningcazorla.es\/procanyoningcazorla\/wp-json\/wp\/v2\/pages\/38\/revisions\/1464"}],"wp:featuredmedia":[{"embeddable":true,"href":"https:\/\/procanyoningcazorla.es\/procanyoningcazorla\/wp-json\/wp\/v2\/media\/1266"}],"wp:attachment":[{"href":"https:\/\/procanyoningcazorla.es\/procanyoningcazorla\/wp-json\/wp\/v2\/media?parent=38"}],"curies":[{"name":"wp","href":"https:\/\/api.w.org\/{rel}","templated":true}]}}