
{"id":44,"date":"2019-05-02T17:58:37","date_gmt":"2019-05-02T15:58:37","guid":{"rendered":"http:\/\/u214768256.hostingerapp.com\/procanyoningcazorla\/?page_id=44"},"modified":"2024-04-19T11:48:48","modified_gmt":"2024-04-19T09:48:48","slug":"quienes-somos","status":"publish","type":"page","link":"https:\/\/procanyoningcazorla.es\/procanyoningcazorla\/quienes-somos\/","title":{"rendered":"\u00bfQui\u00e9n somos?"},"content":{"rendered":"\n<p>Procanyoning es una empresa de Turismo Activo afincada en el bello pueblo de Cazorla, a los pies del Parque Natural de las Sierras de Cazorla, Segura y las Villas. <\/p>\n\n\n\n<p>Este proyecto surge por el amor y respeto a la pr\u00e1ctica deportiva en el medio natural, realizando todo tipo de Deportes de Aventura al aire libre como Descenso de  Ca\u00f1ones, Rutas Guiadas e Interpretadas, Espeleolog\u00eda, Rafting, Multiaventura, V\u00edas Ferratas, Escalada y muchos m\u00e1s, todos ellos en nuestro gran Parque Natural y otros cercanos como el P.N. Sierra M\u00e1gina o P.N. Sierra Nevada. <\/p>\n\n\n\n<p><\/p>\n\n\n\n<p> 23470 Cazorla (Ja\u00e9n) <br> info@procanyoningcazorla.es <br> Tlf. 652486269 <br><\/p>\n\n\n\n\n<style type=\"text\/css\" scoped>.rbs_gallery_69ee144f03721Spinner{\r\n\t\t\t\tmargin: 50px auto;\r\n\t\t\t\twidth: 50px;\r\n\t\t\t\theight: 40px;\r\n\t\t\t\ttext-align: center;\r\n\t\t\t\tfont-size: 10px;\r\n\t\t\t}\r\n\t\t\t.rbs_gallery_69ee144f03721Spinner > div{\r\n\t\t\t  background-color: #333;\r\n\t\t\t  height: 100%;\r\n\t\t\t  width: 6px;\r\n\t\t\t  display: inline-block;\r\n\t\t\t  -webkit-animation: rbs_gallery_69ee144f03721-stretchdelay 1.2s infinite ease-in-out;\r\n\t\t\t  animation: rbs_gallery_69ee144f03721-stretchdelay 1.2s infinite ease-in-out;\r\n\t\t\t}\r\n\t\t\t.rbs_gallery_69ee144f03721Spinner .rbs_gallery_69ee144f03721Rect2 {\r\n\t\t\t  -webkit-animation-delay: -1.1s;\r\n\t\t\t  animation-delay: -1.1s;\r\n\t\t\t}\r\n\t\t\t.rbs_gallery_69ee144f03721Spinner .rbs_gallery_69ee144f03721Rect3 {\r\n\t\t\t  -webkit-animation-delay: -1.0s;\r\n\t\t\t  animation-delay: -1.0s;\r\n\t\t\t}\r\n\t\t\t.rbs_gallery_69ee144f03721Spinner .rbs_gallery_69ee144f03721Rect4 {\r\n\t\t\t  -webkit-animation-delay: -0.9s;\r\n\t\t\t  animation-delay: -0.9s;\r\n\t\t\t}\r\n\t\t\t.rbs_gallery_69ee144f03721Spinner .rbs_gallery_69ee144f03721Rect5 {\r\n\t\t\t  -webkit-animation-delay: -0.8s;\r\n\t\t\t  animation-delay: -0.8s;\r\n\t\t\t}\r\n\t\t\t@-webkit-keyframes rbs_gallery_69ee144f03721-stretchdelay {\r\n\t\t\t  0%, 40%, 100% { -webkit-transform: scaleY(0.4) }  \r\n\t\t\t  20% { -webkit-transform: scaleY(1.0) }\r\n\t\t\t}\r\n\t\t\t@keyframes rbs_gallery_69ee144f03721-stretchdelay {\r\n\t\t\t  0%, 40%, 100% { \r\n\t\t\t    transform: scaleY(0.4);\r\n\t\t\t    -webkit-transform: scaleY(0.4);\r\n\t\t\t  }  20% { \r\n\t\t\t    transform: scaleY(1.0);\r\n\t\t\t    -webkit-transform: scaleY(1.0);\r\n\t\t\t  }\r\n\t\t\t}\r\n\t\t<\/style><div class=\"robo-gallery-wrap robo-gallery-wrap-id1250 robo-gallery-grid\" ><div id=\"rbs_gallery_69ee144f03721-block-loader\" class=\"rbs_gallery_69ee144f03721Spinner\"><div class=\"rbs_gallery_69ee144f03721Rect1\"><\/div> <div class=\"rbs_gallery_69ee144f03721Rect2\"><\/div> <div class=\"rbs_gallery_69ee144f03721Rect3\"><\/div> <div class=\"rbs_gallery_69ee144f03721Rect4\"><\/div> <div class=\"rbs_gallery_69ee144f03721Rect5\"><\/div><\/div><div id=\"robo_gallery_main_block_rbs_gallery_69ee144f03721\" class=\"robogallery-gallery-1250\" style=\"width:100%;  display: none;\"><div id=\"rbs_gallery_69ee144f03721\" data-options=\"rbs_gallery_69ee144f03721\" style=\"width:100%;\" class=\"robo_gallery  \"><div class=\"rbs-img  category1250 \" ><div class=\"rbs-img-image   rbs-lightbox \" ><div class=\"rbs-img-thumbs\"  data-thumbnail=\"https:\/\/i0.wp.com\/procanyoningcazorla.es\/procanyoningcazorla\/wp-content\/uploads\/2022\/03\/DSC_0129_2-scaled.jpg?fit=169%2C300&#038;ssl=1\"  title=\"centenares btt bicicleta\"  data-width=\"169\"  data-height=\"300\" ><\/div><div class=\"rbs-img-data-popup\"  data-popup=\"https:\/\/procanyoningcazorla.es\/procanyoningcazorla\/wp-content\/uploads\/2022\/03\/DSC_0129_2-scaled.jpg\"  title=\"centenares btt bicicleta\" ><\/div><div class=\"thumbnail-overlay\"><div class=\"rbsTitle \">centenares btt bicicleta<\/div><div class=\"rbsIcons\"><i class=\"fa fa-search-plus rbsZoomIcon \" ><\/i><\/div><\/div><\/div><\/div><div class=\"rbs-img  category1250 \" ><div class=\"rbs-img-image   rbs-lightbox \" ><div class=\"rbs-img-thumbs\"  data-thumbnail=\"https:\/\/i0.wp.com\/procanyoningcazorla.es\/procanyoningcazorla\/wp-content\/uploads\/2022\/03\/DSCF8025-scaled.jpg?fit=225%2C300&#038;ssl=1\"  title=\"pino laricio parque natural\"  data-width=\"225\"  data-height=\"300\" ><\/div><div class=\"rbs-img-data-popup\"  data-popup=\"https:\/\/procanyoningcazorla.es\/procanyoningcazorla\/wp-content\/uploads\/2022\/03\/DSCF8025-scaled.jpg\"  title=\"pino laricio parque natural\" ><\/div><div class=\"thumbnail-overlay\"><div class=\"rbsTitle \">pino laricio parque natural<\/div><div class=\"rbsIcons\"><i class=\"fa fa-search-plus rbsZoomIcon \" ><\/i><\/div><\/div><\/div><\/div><div class=\"rbs-img  category1250 \" ><div class=\"rbs-img-image   rbs-lightbox \" ><div class=\"rbs-img-thumbs\"  data-thumbnail=\"https:\/\/i0.wp.com\/procanyoningcazorla.es\/procanyoningcazorla\/wp-content\/uploads\/2022\/03\/DSC_0683-scaled.jpg?fit=300%2C169&#038;ssl=1\"  title=\"DSC_0683\"  data-width=\"300\"  data-height=\"169\" ><\/div><div class=\"rbs-img-data-popup\"  data-popup=\"https:\/\/procanyoningcazorla.es\/procanyoningcazorla\/wp-content\/uploads\/2022\/03\/DSC_0683-scaled.jpg\"  title=\"DSC_0683\" ><\/div><div class=\"thumbnail-overlay\"><div class=\"rbsTitle \">DSC_0683<\/div><div class=\"rbsIcons\"><i class=\"fa fa-search-plus rbsZoomIcon \" ><\/i><\/div><\/div><\/div><\/div><div class=\"rbs-img  category1250 \" ><div class=\"rbs-img-image   rbs-lightbox \" ><div class=\"rbs-img-thumbs\"  data-thumbnail=\"https:\/\/i0.wp.com\/procanyoningcazorla.es\/procanyoningcazorla\/wp-content\/uploads\/2022\/03\/IMG20220118141023-scaled.jpg?fit=169%2C300&#038;ssl=1\"  title=\"IMG20220118141023\"  data-width=\"169\"  data-height=\"300\" ><\/div><div class=\"rbs-img-data-popup\"  data-popup=\"https:\/\/procanyoningcazorla.es\/procanyoningcazorla\/wp-content\/uploads\/2022\/03\/IMG20220118141023-scaled.jpg\"  title=\"IMG20220118141023\" ><\/div><div class=\"thumbnail-overlay\"><div class=\"rbsTitle \">IMG20220118141023<\/div><div class=\"rbsIcons\"><i class=\"fa fa-search-plus rbsZoomIcon \" ><\/i><\/div><\/div><\/div><\/div><div class=\"rbs-img  category1250 \" ><div class=\"rbs-img-image   rbs-lightbox \" ><div class=\"rbs-img-thumbs\"  data-thumbnail=\"https:\/\/i0.wp.com\/procanyoningcazorla.es\/procanyoningcazorla\/wp-content\/uploads\/2022\/03\/DSCF8018-scaled.jpg?fit=300%2C225&#038;ssl=1\"  title=\"DSCF8018\"  data-width=\"300\"  data-height=\"225\" ><\/div><div class=\"rbs-img-data-popup\"  data-popup=\"https:\/\/procanyoningcazorla.es\/procanyoningcazorla\/wp-content\/uploads\/2022\/03\/DSCF8018-scaled.jpg\"  title=\"DSCF8018\" ><\/div><div class=\"thumbnail-overlay\"><div class=\"rbsTitle \">DSCF8018<\/div><div class=\"rbsIcons\"><i class=\"fa fa-search-plus rbsZoomIcon \" ><\/i><\/div><\/div><\/div><\/div><div class=\"rbs-img  category1250 \" ><div class=\"rbs-img-image   rbs-lightbox \" ><div class=\"rbs-img-thumbs\"  data-thumbnail=\"https:\/\/i0.wp.com\/procanyoningcazorla.es\/procanyoningcazorla\/wp-content\/uploads\/2022\/03\/IMG-20210910-WA0025.jpg?fit=300%2C169&#038;ssl=1\"  title=\"Via Ferrata la Escaleruela\"  data-width=\"300\"  data-height=\"169\" ><\/div><div class=\"rbs-img-data-popup\"  data-popup=\"https:\/\/procanyoningcazorla.es\/procanyoningcazorla\/wp-content\/uploads\/2022\/03\/IMG-20210910-WA0025.jpg\"  title=\"Via Ferrata la Escaleruela\" ><\/div><div class=\"thumbnail-overlay\"><div class=\"rbsTitle \">Via Ferrata la Escaleruela<\/div><div class=\"rbsIcons\"><i class=\"fa fa-search-plus rbsZoomIcon \" ><\/i><\/div><\/div><\/div><\/div><div class=\"rbs-img  category1250 \" ><div class=\"rbs-img-image   rbs-lightbox \" ><div class=\"rbs-img-thumbs\"  data-thumbnail=\"https:\/\/i0.wp.com\/procanyoningcazorla.es\/procanyoningcazorla\/wp-content\/uploads\/2022\/03\/IMG-20190704-WA0003.jpg?fit=300%2C169&#038;ssl=1\"  title=\"IMG-20190704-WA0003\"  data-width=\"300\"  data-height=\"169\" ><\/div><div class=\"rbs-img-data-popup\"  data-popup=\"https:\/\/procanyoningcazorla.es\/procanyoningcazorla\/wp-content\/uploads\/2022\/03\/IMG-20190704-WA0003.jpg\"  title=\"IMG-20190704-WA0003\" ><\/div><div class=\"thumbnail-overlay\"><div class=\"rbsTitle \">IMG-20190704-WA0003<\/div><div class=\"rbsIcons\"><i class=\"fa fa-search-plus rbsZoomIcon \" ><\/i><\/div><\/div><\/div><\/div><div class=\"rbs-img  category1250 \" ><div class=\"rbs-img-image   rbs-lightbox \" ><div class=\"rbs-img-thumbs\"  data-thumbnail=\"https:\/\/i0.wp.com\/procanyoningcazorla.es\/procanyoningcazorla\/wp-content\/uploads\/2022\/03\/IMG-20210910-WA0020.jpg?fit=300%2C169&#038;ssl=1\"  title=\"Via Ferrata Escaleruela\"  data-width=\"300\"  data-height=\"169\" ><\/div><div class=\"rbs-img-data-popup\"  data-popup=\"https:\/\/procanyoningcazorla.es\/procanyoningcazorla\/wp-content\/uploads\/2022\/03\/IMG-20210910-WA0020.jpg\"  title=\"Via Ferrata Escaleruela\" ><\/div><div class=\"thumbnail-overlay\"><div class=\"rbsTitle \">Via Ferrata Escaleruela<\/div><div class=\"rbsIcons\"><i class=\"fa fa-search-plus rbsZoomIcon \" ><\/i><\/div><\/div><\/div><\/div><div class=\"rbs-img  category1250 \" ><div class=\"rbs-img-image   rbs-lightbox \" ><div class=\"rbs-img-thumbs\"  data-thumbnail=\"https:\/\/i0.wp.com\/procanyoningcazorla.es\/procanyoningcazorla\/wp-content\/uploads\/2022\/03\/IMG-20190704-WA0007.jpg?fit=300%2C169&#038;ssl=1\"  title=\"IMG-20190704-WA0007\"  data-width=\"300\"  data-height=\"169\" ><\/div><div class=\"rbs-img-data-popup\"  data-popup=\"https:\/\/procanyoningcazorla.es\/procanyoningcazorla\/wp-content\/uploads\/2022\/03\/IMG-20190704-WA0007.jpg\"  title=\"IMG-20190704-WA0007\" ><\/div><div class=\"thumbnail-overlay\"><div class=\"rbsTitle \">IMG-20190704-WA0007<\/div><div class=\"rbsIcons\"><i class=\"fa fa-search-plus rbsZoomIcon \" ><\/i><\/div><\/div><\/div><\/div><\/div><\/div><\/div><script>var rbs_gallery_69ee144f03721 = {\"version\":\"3.2.19\",\"id\":1250,\"class\":\"id1250\",\"roboGalleryDelay\":1000,\"mainContainer\":\"#robo_gallery_main_block_rbs_gallery_69ee144f03721\",\"loadingContainer\":\"#rbs_gallery_69ee144f03721-block-loader\",\"loadingContainerObj\":\"rbs_gallery_69ee144f03721-block-loader\",\"columnWidth\":\"auto\",\"columns\":3,\"resolutions\":[{\"columnWidth\":\"auto\",\"columns\":3,\"maxWidth\":960},{\"columnWidth\":\"auto\",\"columns\":2,\"maxWidth\":650},{\"columnWidth\":\"auto\",\"columns\":1,\"maxWidth\":450}],\"lightboxOptions\":{\"gallery\":{\"enabled\":true,\"tCounter\":\"%curr% of %total%\"}},\"overlayEffect\":\"direction-aware-fade\",\"boxesToLoadStart\":12,\"boxesToLoad\":8,\"waitUntilThumbLoads\":1,\"LoadingWord\":\"Loading...\",\"loadMoreWord\":\"Load More\",\"noMoreEntriesWord\":\"No More Entries\",\"horizontalSpaceBetweenBoxes\":15,\"verticalSpaceBetweenBoxes\":15,\"lazyLoad\":1,\"wrapContainer\":\"#robo-gallery-wrap-rbs_gallery_69ee144f03721\"};<\/script>\n\n\n\n\n<iframe loading=\"lazy\" src=\"https:\/\/www.google.com\/maps\/embed?pb=!1m18!1m12!1m3!1d3147.406848893355!2d-3.0012193846781505!3d37.92092477973308!2m3!1f0!2f0!3f0!3m2!1i1024!2i768!4f13.1!3m3!1m2!1s0xd6fa9caf9cd0fe9%3A0x5a0dae06f3f59768!2sProcanyoning!5e0!3m2!1ses!2ses!4v1557774686835!5m2!1ses!2ses\" style=\"border:0\" allowfullscreen=\"\" width=\"600\" height=\"350\" frameborder=\"0\"><\/iframe>\n\n\n<pre class=\"ti-widget\"><div class=\"ti-widget ti-goog\" data-no-translation=\"true\" data-layout-id=\"31\" data-set-id=\"ligth-border\" data-pid=\"\" data-column-vertical-separate=\"1\" data-review-target-width=\"300\" data-language=\"es\" > <div class=\"ti-widget-container ti-col-3\"> <div class=\"ti-header source-Google\" > <div class=\"ti-mob-row\"> <span class=\"nowrap\"><strong>EXCELENTE<\/strong><\/span> <span class=\"ti-stars\"><span class=\"ti-star f\"><\/span><span class=\"ti-star f\"><\/span><span class=\"ti-star f\"><\/span><span class=\"ti-star f\"><\/span><span class=\"ti-star f\"><\/span><\/span> <\/div> <div class=\"ti-mob-row\"> <span class=\"nowrap\"><strong>252 rese\u00f1as<\/strong> en<\/span><div class=\"ti-small-logo\"><img decoding=\"async\" src=\"https:\/\/procanyoningcazorla.es\/procanyoningcazorla\/wp-content\/plugins\/wp-reviews-plugin-for-google\/static\/img\/platform\/logo.svg?ver=do-not-care-11.8.2\" alt=\"Google\"><\/div> <\/div> <\/div> <div class=\"ti-reviews-container\"> <div class=\"ti-reviews-container-wrapper\">  <div data-empty=\"0\" class=\"ti-review-item source-Google\" data-index=\"0\" > <div class=\"ti-inner\"> <div class=\"ti-review-header\"> <div class=\"ti-profile-img\"> <img decoding=\"async\" src=\"https:\/\/lh3.googleusercontent.com\/a\/ACg8ocKv7c0Fl4tCVYcL7wEdkj4CF7gyIwQeQfUZHs3-7JMkfxhkFA=s120-c-rp-mo-br100\" alt=\"Estefan\u00eda Pacheco Delgado\" \/> <\/div> <div class=\"ti-profile-details\"> <div class=\"ti-name\"> Estefan\u00eda Pacheco Delgado <\/div> <div class=\"ti-date\">17\/02\/2024<\/div> <\/div> <\/div> <span class=\"ti-stars\"><span class=\"ti-star f\"><\/span><span class=\"ti-star f\"><\/span><span class=\"ti-star f\"><\/span><span class=\"ti-star f\"><\/span><span class=\"ti-star f\"><\/span><\/span> <div class=\"ti-review-content\"> <div class=\"ti-review-text-container ti-inner\"><!-- R-CONTENT -->Hemos hecho la actividad de puentes arboreos y la verdad es que hemos disfrutado como autenticos ni\u00f1os. El monitor un gran profesional, atento y divertido. Ademas de acompa\u00f1arnos en toda la actividad y motivarnos para superar obstaculos y miedos nos ha ido explicando cositas de la vegetacion de la sierra. Repetiremos seguro!<!-- R-CONTENT --><\/div> <span class=\"ti-read-more\" data-container=\".ti-review-content .ti-inner\" data-collapse-text=\"Ocultar\" data-open-text=\"Leer m\u00e1s\" ><\/span> <\/div> <\/div> <\/div>  <div data-empty=\"0\" class=\"ti-review-item source-Google\" data-index=\"0\" > <div class=\"ti-inner\"> <div class=\"ti-review-header\"> <div class=\"ti-profile-img\"> <img decoding=\"async\" src=\"https:\/\/lh3.googleusercontent.com\/a-\/ALV-UjXTYKudFCthqRDNHEDZnMp1EEH4wRhouEAUuLBxTCrim2crggBUOw=s120-c-rp-mo-br100\" alt=\"Evita Mari\" \/> <\/div> <div class=\"ti-profile-details\"> <div class=\"ti-name\"> Evita Mari <\/div> <div class=\"ti-date\">10\/12\/2023<\/div> <\/div> <\/div> <span class=\"ti-stars\"><span class=\"ti-star f\"><\/span><span class=\"ti-star f\"><\/span><span class=\"ti-star f\"><\/span><span class=\"ti-star f\"><\/span><span class=\"ti-star f\"><\/span><\/span> <div class=\"ti-review-content\"> <div class=\"ti-review-text-container ti-inner\"><!-- R-CONTENT -->La v\u00eda Ferrata ha sido una pasada!! Nuestra primera experiencia de este tipo, y hemos disfrutado un mont\u00f3n. Gracias a nuestro gu\u00eda Jes\u00fas que es un crack \ud83d\ude03 Muy recomendable!!!<!-- R-CONTENT --><\/div> <span class=\"ti-read-more\" data-container=\".ti-review-content .ti-inner\" data-collapse-text=\"Ocultar\" data-open-text=\"Leer m\u00e1s\" ><\/span> <\/div> <\/div> <\/div>  <div data-empty=\"0\" class=\"ti-review-item source-Google\" data-index=\"0\" > <div class=\"ti-inner\"> <div class=\"ti-review-header\"> <div class=\"ti-profile-img\"> <img decoding=\"async\" src=\"https:\/\/lh3.googleusercontent.com\/a-\/ALV-UjVkv3ZzmYtdui695rOAfooR1HX7XNGAuFW0gvx3avnC1i1m7ycx=s120-c-rp-mo-br100\" alt=\"Jes\u00fas Barrera\" \/> <\/div> <div class=\"ti-profile-details\"> <div class=\"ti-name\"> Jes\u00fas Barrera <\/div> <div class=\"ti-date\">07\/12\/2023<\/div> <\/div> <\/div> <span class=\"ti-stars\"><span class=\"ti-star f\"><\/span><span class=\"ti-star f\"><\/span><span class=\"ti-star f\"><\/span><span class=\"ti-star f\"><\/span><span class=\"ti-star f\"><\/span><\/span> <div class=\"ti-review-content\"> <div class=\"ti-review-text-container ti-inner\"><!-- R-CONTENT -->El monitor Jes\u00fas un gran profesional y muy buena persona. Hicimos la actividad de V\u00eda Ferrata La Mocha y ha sido una experiencia incre\u00edble. Repetiremos con \u00e9l sin duda!!<!-- R-CONTENT --><\/div> <span class=\"ti-read-more\" data-container=\".ti-review-content .ti-inner\" data-collapse-text=\"Ocultar\" data-open-text=\"Leer m\u00e1s\" ><\/span> <\/div> <\/div> <\/div>  <div data-empty=\"0\" class=\"ti-review-item source-Google\" data-index=\"0\" > <div class=\"ti-inner\"> <div class=\"ti-review-header\"> <div class=\"ti-profile-img\"> <img decoding=\"async\" src=\"https:\/\/lh3.googleusercontent.com\/a\/ACg8ocIR_XGugf9gKcKkZKIKhRTJfyAAb42WA2I4jhvwUNC4iT6mbA=s120-c-rp-mo-br100\" alt=\"Francisco J. Gonz\u00e1lez\" \/> <\/div> <div class=\"ti-profile-details\"> <div class=\"ti-name\"> Francisco J. Gonz\u00e1lez <\/div> <div class=\"ti-date\">18\/11\/2023<\/div> <\/div> <\/div> <span class=\"ti-stars\"><span class=\"ti-star f\"><\/span><span class=\"ti-star f\"><\/span><span class=\"ti-star f\"><\/span><span class=\"ti-star f\"><\/span><span class=\"ti-star f\"><\/span><\/span> <div class=\"ti-review-content\"> <div class=\"ti-review-text-container ti-inner\"><!-- R-CONTENT -->Muy profesionales, trato muy agradable y cercano. Mucha seguridad, pero emocionante a la vez. MUY RECOMENDABLE<!-- R-CONTENT --><\/div> <span class=\"ti-read-more\" data-container=\".ti-review-content .ti-inner\" data-collapse-text=\"Ocultar\" data-open-text=\"Leer m\u00e1s\" ><\/span> <\/div> <\/div> <\/div>  <div data-empty=\"0\" class=\"ti-review-item source-Google\" data-index=\"0\" > <div class=\"ti-inner\"> <div class=\"ti-review-header\"> <div class=\"ti-profile-img\"> <img decoding=\"async\" src=\"https:\/\/lh3.googleusercontent.com\/a-\/ALV-UjWbsT3RYeUzfkpLpv9YL12dleIQXpIOW3pduOVHVG2K2CTtw0AD-w=s120-c-rp-mo-br100\" alt=\"CarlosRivera99 Sanchez\" \/> <\/div> <div class=\"ti-profile-details\"> <div class=\"ti-name\"> CarlosRivera99 Sanchez <\/div> <div class=\"ti-date\">15\/10\/2023<\/div> <\/div> <\/div> <span class=\"ti-stars\"><span class=\"ti-star f\"><\/span><span class=\"ti-star f\"><\/span><span class=\"ti-star f\"><\/span><span class=\"ti-star f\"><\/span><span class=\"ti-star f\"><\/span><\/span> <div class=\"ti-review-content\"> <div class=\"ti-review-text-container ti-inner\"><!-- R-CONTENT -->A pesar de haber 8 personas reservadas para el dia que fuimos a la actividad, todo el mundo cancel\u00f3 debido al tiempo menos mi pareja y yo. Pese a eso y al mal tiempo nuestro monitor Jesus realiz\u00f3 igualmente la actividad ya que se habia comprometido con nosotros. El material en perfectas condiciones (los neopreonos sin olor ya que la higiene que tienes es increible que es bastatante importante), el lugar y sus saltos en pozas impresionante pero sobre todo la pasi\u00f3n y la amabilidad de Jesus con nosotros. Totalmente recomendable!<!-- R-CONTENT --><\/div> <span class=\"ti-read-more\" data-container=\".ti-review-content .ti-inner\" data-collapse-text=\"Ocultar\" data-open-text=\"Leer m\u00e1s\" ><\/span> <\/div> <\/div> <\/div>  <div data-empty=\"0\" class=\"ti-review-item source-Google\" data-index=\"0\" > <div class=\"ti-inner\"> <div class=\"ti-review-header\"> <div class=\"ti-profile-img\"> <img decoding=\"async\" src=\"https:\/\/lh3.googleusercontent.com\/a-\/ALV-UjWM2HDKGBNFSr7Y-2ZbouEZB1oUSTNTZUypiC_yn2so9BA3DoqZ=s120-c-rp-mo-br100\" alt=\"Sara Carratal\u00e1\" \/> <\/div> <div class=\"ti-profile-details\"> <div class=\"ti-name\"> Sara Carratal\u00e1 <\/div> <div class=\"ti-date\">15\/10\/2023<\/div> <\/div> <\/div> <span class=\"ti-stars\"><span class=\"ti-star f\"><\/span><span class=\"ti-star f\"><\/span><span class=\"ti-star f\"><\/span><span class=\"ti-star f\"><\/span><span class=\"ti-star f\"><\/span><\/span> <div class=\"ti-review-content\"> <div class=\"ti-review-text-container ti-inner\"><!-- R-CONTENT -->Realizamos el barranquismo de la Cerrada del utrero con Jes\u00fas. La experiencia inolvidable y el trato inmejorable. Sin duda volveremos y repetiremos!!!<!-- R-CONTENT --><\/div> <span class=\"ti-read-more\" data-container=\".ti-review-content .ti-inner\" data-collapse-text=\"Ocultar\" data-open-text=\"Leer m\u00e1s\" ><\/span> <\/div> <\/div> <\/div>  <div data-empty=\"0\" class=\"ti-review-item source-Google\" data-index=\"0\" > <div class=\"ti-inner\"> <div class=\"ti-review-header\"> <div class=\"ti-profile-img\"> <img decoding=\"async\" src=\"https:\/\/lh3.googleusercontent.com\/a\/ACg8ocIazCj3AMWFO3QFpbha4P_SGNmFr0MJARhmjWW0VDJVXL6aNw=s120-c-rp-mo-br100\" alt=\"Gema Aguilar\" \/> <\/div> <div class=\"ti-profile-details\"> <div class=\"ti-name\"> Gema Aguilar <\/div> <div class=\"ti-date\">01\/10\/2023<\/div> <\/div> <\/div> <span class=\"ti-stars\"><span class=\"ti-star f\"><\/span><span class=\"ti-star f\"><\/span><span class=\"ti-star f\"><\/span><span class=\"ti-star f\"><\/span><span class=\"ti-star f\"><\/span><\/span> <div class=\"ti-review-content\"> <div class=\"ti-review-text-container ti-inner\"><!-- R-CONTENT -->Me he alegrado un mont\u00f3n de contratar la experiencia de barranquismo con Jes\u00fas el guia, nos ha hecho la experiencia muy amena con las explicaciones sobre la flora y fauna que nos rodeaba y la actividad fu\u00e9 espectacular!<!-- R-CONTENT --><\/div> <span class=\"ti-read-more\" data-container=\".ti-review-content .ti-inner\" data-collapse-text=\"Ocultar\" data-open-text=\"Leer m\u00e1s\" ><\/span> <\/div> <\/div> <\/div>  <div data-empty=\"0\" class=\"ti-review-item source-Google\" data-index=\"0\" > <div class=\"ti-inner\"> <div class=\"ti-review-header\"> <div class=\"ti-profile-img\"> <img decoding=\"async\" src=\"https:\/\/lh3.googleusercontent.com\/a-\/ALV-UjXBzM5wFoaWsSVzteZnJ_T-NBRaM1WhGSxAqhcbSg-wdEIaTrJK=s120-c-rp-mo-ba3-br100\" alt=\"Joaquin Bello\" \/> <\/div> <div class=\"ti-profile-details\"> <div class=\"ti-name\"> Joaquin Bello <\/div> <div class=\"ti-date\">01\/10\/2023<\/div> <\/div> <\/div> <span class=\"ti-stars\"><span class=\"ti-star f\"><\/span><span class=\"ti-star f\"><\/span><span class=\"ti-star f\"><\/span><span class=\"ti-star f\"><\/span><span class=\"ti-star f\"><\/span><\/span> <div class=\"ti-review-content\"> <div class=\"ti-review-text-container ti-inner\"><!-- R-CONTENT -->Tremendo, mucho de emoci\u00f3n, mucho de aprender sobre la flora de la zona y el gu\u00eda es fant\u00e1stico, recomendado 10\/10<!-- R-CONTENT --><\/div> <span class=\"ti-read-more\" data-container=\".ti-review-content .ti-inner\" data-collapse-text=\"Ocultar\" data-open-text=\"Leer m\u00e1s\" ><\/span> <\/div> <\/div> <\/div>  <div data-empty=\"0\" class=\"ti-review-item source-Google\" data-index=\"0\" > <div class=\"ti-inner\"> <div class=\"ti-review-header\"> <div class=\"ti-profile-img\"> <img decoding=\"async\" src=\"https:\/\/lh3.googleusercontent.com\/a\/ACg8ocLPXNlp8EntIyla469eCDkmj3SbwbUSWWPUVgYGRdZv2ad7HQ=s120-c-rp-mo-br100\" alt=\"quique postigo\" \/> <\/div> <div class=\"ti-profile-details\"> <div class=\"ti-name\"> quique postigo <\/div> <div class=\"ti-date\">01\/10\/2023<\/div> <\/div> <\/div> <span class=\"ti-stars\"><span class=\"ti-star f\"><\/span><span class=\"ti-star f\"><\/span><span class=\"ti-star f\"><\/span><span class=\"ti-star f\"><\/span><span class=\"ti-star f\"><\/span><\/span> <div class=\"ti-review-content\"> <div class=\"ti-review-text-container ti-inner\"><!-- R-CONTENT -->Una experiencia genial<!-- R-CONTENT --><\/div> <span class=\"ti-read-more\" data-container=\".ti-review-content .ti-inner\" data-collapse-text=\"Ocultar\" data-open-text=\"Leer m\u00e1s\" ><\/span> <\/div> <\/div> <\/div>  <div data-empty=\"0\" class=\"ti-review-item source-Google\" data-index=\"0\" > <div class=\"ti-inner\"> <div class=\"ti-review-header\"> <div class=\"ti-profile-img\"> <img decoding=\"async\" src=\"https:\/\/lh3.googleusercontent.com\/a-\/ALV-UjWjPTJyev6PnogTEEWdPzjaPJqJwIL4UTQViYBAy5GdaMHO_v8=s120-c-rp-mo-br100\" alt=\"Jose Angel Marco\" \/> <\/div> <div class=\"ti-profile-details\"> <div class=\"ti-name\"> Jose Angel Marco <\/div> <div class=\"ti-date\">11\/09\/2023<\/div> <\/div> <\/div> <span class=\"ti-stars\"><span class=\"ti-star f\"><\/span><span class=\"ti-star f\"><\/span><span class=\"ti-star f\"><\/span><span class=\"ti-star f\"><\/span><span class=\"ti-star f\"><\/span><\/span> <div class=\"ti-review-content\"> <div class=\"ti-review-text-container ti-inner\"><!-- R-CONTENT -->Genial.  Los chicos lo han pasado genial.  Jes\u00fas un lujo de gu\u00eda.  Competente, preparado,  pendiente de todo y en todo momento,  atento con los chicos y cercano a ellos, preparado. De diez. Muchas gracias y una suerte haber escogido vuestra empresa.<!-- R-CONTENT --><\/div> <span class=\"ti-read-more\" data-container=\".ti-review-content .ti-inner\" data-collapse-text=\"Ocultar\" data-open-text=\"Leer m\u00e1s\" ><\/span> <\/div> <\/div> <\/div>  <\/div> <\/div> <div class=\"ti-load-more-reviews-container\"> <div class=\"ti-load-more-reviews-button\" style=\"display: none\">Carga m\u00e1s<\/div> <\/div>  <\/div> <\/div> <\/pre>\n","protected":false},"excerpt":{"rendered":"<p>Procanyoning es una empresa de Turismo Activo afincada en el bello pueblo de Cazorla, a los pies del Parque Natural<\/p>\n","protected":false},"author":1,"featured_media":0,"parent":0,"menu_order":0,"comment_status":"closed","ping_status":"closed","template":"","meta":{"_monsterinsights_skip_tracking":false,"_monsterinsights_sitenote_active":false,"_monsterinsights_sitenote_note":"","_monsterinsights_sitenote_category":0,"jetpack_post_was_ever_published":false,"footnotes":""},"class_list":["post-44","page","type-page","status-publish","hentry"],"aioseo_notices":[],"jetpack_sharing_enabled":true,"_links":{"self":[{"href":"https:\/\/procanyoningcazorla.es\/procanyoningcazorla\/wp-json\/wp\/v2\/pages\/44","targetHints":{"allow":["GET"]}}],"collection":[{"href":"https:\/\/procanyoningcazorla.es\/procanyoningcazorla\/wp-json\/wp\/v2\/pages"}],"about":[{"href":"https:\/\/procanyoningcazorla.es\/procanyoningcazorla\/wp-json\/wp\/v2\/types\/page"}],"author":[{"embeddable":true,"href":"https:\/\/procanyoningcazorla.es\/procanyoningcazorla\/wp-json\/wp\/v2\/users\/1"}],"replies":[{"embeddable":true,"href":"https:\/\/procanyoningcazorla.es\/procanyoningcazorla\/wp-json\/wp\/v2\/comments?post=44"}],"version-history":[{"count":30,"href":"https:\/\/procanyoningcazorla.es\/procanyoningcazorla\/wp-json\/wp\/v2\/pages\/44\/revisions"}],"predecessor-version":[{"id":1517,"href":"https:\/\/procanyoningcazorla.es\/procanyoningcazorla\/wp-json\/wp\/v2\/pages\/44\/revisions\/1517"}],"wp:attachment":[{"href":"https:\/\/procanyoningcazorla.es\/procanyoningcazorla\/wp-json\/wp\/v2\/media?parent=44"}],"curies":[{"name":"wp","href":"https:\/\/api.w.org\/{rel}","templated":true}]}}