
{"id":62,"date":"2019-05-02T18:16:18","date_gmt":"2019-05-02T16:16:18","guid":{"rendered":"http:\/\/u214768256.hostingerapp.com\/procanyoningcazorla\/?page_id=62"},"modified":"2022-03-25T17:54:29","modified_gmt":"2022-03-25T16:54:29","slug":"espeleologia-procanyoning","status":"publish","type":"page","link":"https:\/\/procanyoningcazorla.es\/procanyoningcazorla\/espeleologia-procanyoning\/","title":{"rendered":"Espeleolog\u00eda"},"content":{"rendered":"\n<p>\u00bfQue es la espeleologia?<br> La Espeleolog\u00eda es un t\u00e9rmino derivado del griego que significa \u00abciencia de las cavernas\u00bb.<\/p>\n\n\n\n<p>La espeleolog\u00eda estudia todo lo relacionado a las cavernas o cuevas, su formaci\u00f3n y la interacci\u00f3n del agua con esta, los seres vivos que contiene y su adaptaci\u00f3n al medio, as\u00ed como los que la visitaron o vivieron en ella dejando sus rastros.<\/p>\n\n\n\n<p><p>Gracias al tipo de roca caliza que tenemos en el Parque Natural de Cazorla Segura y Las Villas, tenemos infinidad de simas repartidas por todo el Parque, con nosotros tenemos la posibilidad de hacer algunas de estas simas como la PB4  y La sima Pollo Manquillo, una bonita forma pasar un buen rato con la familia y los amigos.<\/p>\n<br><\/p>\n\n\n\n<p><\/p>\n\n\n\n<p class=\"has-text-align-center has-luminous-vivid-amber-color has-white-background-color has-text-color has-background has-medium-font-size\">Espeleolog\u00eda PB4<\/p>\n\n\n\n<figure class=\"wp-block-embed is-type-wp-embed is-provider-procanyoning wp-block-embed-procanyoning\"><div class=\"wp-block-embed__wrapper\">\n<blockquote class=\"wp-embedded-content\" data-secret=\"pd3vZ2a6zM\"><a href=\"https:\/\/procanyoningcazorla.es\/procanyoningcazorla\/cueva-pb4\/\">Cueva PB4<\/a><\/blockquote><iframe loading=\"lazy\" class=\"wp-embedded-content\" sandbox=\"allow-scripts\" security=\"restricted\" style=\"position: absolute; clip: rect(1px, 1px, 1px, 1px);\" title=\"\u00abCueva PB4\u00bb \u2014 Procanyoning\" src=\"https:\/\/procanyoningcazorla.es\/procanyoningcazorla\/cueva-pb4\/embed\/#?secret=wIez46DNnF#?secret=pd3vZ2a6zM\" data-secret=\"pd3vZ2a6zM\" width=\"600\" height=\"338\" frameborder=\"0\" marginwidth=\"0\" marginheight=\"0\" scrolling=\"no\"><\/iframe>\n<\/div><\/figure>\n\n\n\n<p class=\"has-text-align-center has-luminous-vivid-amber-color has-text-color\"><p class=\"has-text-align-center has-luminous-vivid-amber-color has-text-color\">______________________________________________<\/p>\n<\/p>\n\n\n\n<p class=\"has-text-align-center has-luminous-vivid-amber-color has-white-background-color has-text-color has-background has-medium-font-size\"><strong>Espeleolog\u00eda Poyo Manquillo<\/strong><\/p>\n\n\n\n<figure class=\"wp-block-embed is-type-wp-embed is-provider-procanyoning wp-block-embed-procanyoning\"><div class=\"wp-block-embed__wrapper\">\n<blockquote class=\"wp-embedded-content\" data-secret=\"1EVWfXaBEk\"><a href=\"https:\/\/procanyoningcazorla.es\/procanyoningcazorla\/cueva-poyo-manquillo\/\">Cueva Poyo Manquillo<\/a><\/blockquote><iframe loading=\"lazy\" class=\"wp-embedded-content\" sandbox=\"allow-scripts\" security=\"restricted\" style=\"position: absolute; clip: rect(1px, 1px, 1px, 1px);\" title=\"\u00abCueva Poyo Manquillo\u00bb \u2014 Procanyoning\" src=\"https:\/\/procanyoningcazorla.es\/procanyoningcazorla\/cueva-poyo-manquillo\/embed\/#?secret=ryg2YXIBO0#?secret=1EVWfXaBEk\" data-secret=\"1EVWfXaBEk\" width=\"600\" height=\"338\" frameborder=\"0\" marginwidth=\"0\" marginheight=\"0\" scrolling=\"no\"><\/iframe>\n<\/div><\/figure>\n","protected":false},"excerpt":{"rendered":"<p>\u00bfQue es la espeleologia? La Espeleolog\u00eda es un t\u00e9rmino derivado del griego que significa \u00abciencia de las cavernas\u00bb. La espeleolog\u00eda<\/p>\n","protected":false},"author":1,"featured_media":1206,"parent":0,"menu_order":0,"comment_status":"open","ping_status":"closed","template":"","meta":{"_monsterinsights_skip_tracking":false,"_monsterinsights_sitenote_active":false,"_monsterinsights_sitenote_note":"","_monsterinsights_sitenote_category":0,"jetpack_post_was_ever_published":false,"footnotes":""},"class_list":["post-62","page","type-page","status-publish","has-post-thumbnail","hentry"],"aioseo_notices":[],"jetpack_sharing_enabled":true,"_links":{"self":[{"href":"https:\/\/procanyoningcazorla.es\/procanyoningcazorla\/wp-json\/wp\/v2\/pages\/62","targetHints":{"allow":["GET"]}}],"collection":[{"href":"https:\/\/procanyoningcazorla.es\/procanyoningcazorla\/wp-json\/wp\/v2\/pages"}],"about":[{"href":"https:\/\/procanyoningcazorla.es\/procanyoningcazorla\/wp-json\/wp\/v2\/types\/page"}],"author":[{"embeddable":true,"href":"https:\/\/procanyoningcazorla.es\/procanyoningcazorla\/wp-json\/wp\/v2\/users\/1"}],"replies":[{"embeddable":true,"href":"https:\/\/procanyoningcazorla.es\/procanyoningcazorla\/wp-json\/wp\/v2\/comments?post=62"}],"version-history":[{"count":27,"href":"https:\/\/procanyoningcazorla.es\/procanyoningcazorla\/wp-json\/wp\/v2\/pages\/62\/revisions"}],"predecessor-version":[{"id":1417,"href":"https:\/\/procanyoningcazorla.es\/procanyoningcazorla\/wp-json\/wp\/v2\/pages\/62\/revisions\/1417"}],"wp:featuredmedia":[{"embeddable":true,"href":"https:\/\/procanyoningcazorla.es\/procanyoningcazorla\/wp-json\/wp\/v2\/media\/1206"}],"wp:attachment":[{"href":"https:\/\/procanyoningcazorla.es\/procanyoningcazorla\/wp-json\/wp\/v2\/media?parent=62"}],"curies":[{"name":"wp","href":"https:\/\/api.w.org\/{rel}","templated":true}]}}