
{"id":648,"date":"2019-06-03T20:42:28","date_gmt":"2019-06-03T18:42:28","guid":{"rendered":"https:\/\/procanyoningcazorla.es\/procanyoningcazorla\/?page_id=648"},"modified":"2021-06-01T18:35:54","modified_gmt":"2021-06-01T16:35:54","slug":"ruta-guiada-a-los-centenares","status":"publish","type":"page","link":"https:\/\/procanyoningcazorla.es\/procanyoningcazorla\/senderismo-y-trekking\/ruta-guiada-a-los-centenares\/","title":{"rendered":"Ruta Guiada: Aldea de los Centenares"},"content":{"rendered":"\n<p>\u00bfConoces las aldeas abandonadas de nuestro Parque natural?<\/p>\n\n\n\n<p>Los Centenares es una de las ellas, expropiada durante el r\u00e9gimen franquista para crear el Coto Nacional de Caza, hoy en d\u00eda es un remanso de paz entre monta\u00f1as en pleno centro del Parque.<\/p>\n\n\n\n<p>Esta impresionante ruta guiada se puede realizar de forma circular en una jornada o dividida en 2 etapas con pernocta. <\/p>\n\n\n\n<p>\u00bfDESCUBRES ESTE PARA\u00cdSO CON NOSOTROS?<\/p>\n\n\n\n<p>Para m\u00e1s informaci\u00f3n y reservas a trav\u00e9s del contacto.<\/p>\n\n\n\n<div class=\"wp-block-group\"><div class=\"wp-block-group__inner-container is-layout-flow wp-block-group-is-layout-flow\"><\/div><\/div>\n\n\n\n<div class=\"wp-block-button aligncenter\"><a class=\"wp-block-button__link\" href=\"http:\/\/procanyoningcazorla.es\/procanyoningcazorla\/contacto\/\">Reservar<\/a><\/div>\n\n\n\n\n\n<p>      <\/p>\n\n\n\n<figure class=\"wp-block-gallery columns-3 is-cropped wp-block-gallery-1 is-layout-flex wp-block-gallery-is-layout-flex\"><ul class=\"blocks-gallery-grid\"><li class=\"blocks-gallery-item\"><figure><img loading=\"lazy\" decoding=\"async\" width=\"800\" height=\"600\" data-attachment-id=\"662\" data-permalink=\"https:\/\/procanyoningcazorla.es\/procanyoningcazorla\/img_20180513_114907455\/\" data-orig-file=\"https:\/\/i0.wp.com\/procanyoningcazorla.es\/procanyoningcazorla\/wp-content\/uploads\/2019\/06\/IMG_20180513_114907455.jpg?fit=4160%2C3120&amp;ssl=1\" data-orig-size=\"4160,3120\" data-comments-opened=\"0\" data-image-meta=\"{&quot;aperture&quot;:&quot;2&quot;,&quot;credit&quot;:&quot;&quot;,&quot;camera&quot;:&quot;Moto G (5)&quot;,&quot;caption&quot;:&quot;&quot;,&quot;created_timestamp&quot;:&quot;1526212147&quot;,&quot;copyright&quot;:&quot;&quot;,&quot;focal_length&quot;:&quot;3.59&quot;,&quot;iso&quot;:&quot;50&quot;,&quot;shutter_speed&quot;:&quot;0.0011198208286674&quot;,&quot;title&quot;:&quot;&quot;,&quot;orientation&quot;:&quot;0&quot;}\" data-image-title=\"IMG_20180513_114907455\" data-image-description=\"\" data-image-caption=\"\" data-medium-file=\"https:\/\/i0.wp.com\/procanyoningcazorla.es\/procanyoningcazorla\/wp-content\/uploads\/2019\/06\/IMG_20180513_114907455.jpg?fit=300%2C225&amp;ssl=1\" data-large-file=\"https:\/\/i0.wp.com\/procanyoningcazorla.es\/procanyoningcazorla\/wp-content\/uploads\/2019\/06\/IMG_20180513_114907455.jpg?fit=800%2C600&amp;ssl=1\" src=\"https:\/\/i0.wp.com\/procanyoningcazorla.es\/procanyoningcazorla\/wp-content\/uploads\/2019\/06\/IMG_20180513_114907455.jpg?resize=800%2C600&#038;ssl=1\" alt=\"\" data-id=\"662\" data-link=\"https:\/\/procanyoningcazorla.es\/procanyoningcazorla\/img_20180513_114907455\/\" class=\"wp-image-662\" srcset=\"https:\/\/i0.wp.com\/procanyoningcazorla.es\/procanyoningcazorla\/wp-content\/uploads\/2019\/06\/IMG_20180513_114907455.jpg?resize=1024%2C768&amp;ssl=1 1024w, https:\/\/i0.wp.com\/procanyoningcazorla.es\/procanyoningcazorla\/wp-content\/uploads\/2019\/06\/IMG_20180513_114907455.jpg?resize=300%2C225&amp;ssl=1 300w, https:\/\/i0.wp.com\/procanyoningcazorla.es\/procanyoningcazorla\/wp-content\/uploads\/2019\/06\/IMG_20180513_114907455.jpg?resize=768%2C576&amp;ssl=1 768w, https:\/\/i0.wp.com\/procanyoningcazorla.es\/procanyoningcazorla\/wp-content\/uploads\/2019\/06\/IMG_20180513_114907455.jpg?w=1600&amp;ssl=1 1600w, https:\/\/i0.wp.com\/procanyoningcazorla.es\/procanyoningcazorla\/wp-content\/uploads\/2019\/06\/IMG_20180513_114907455.jpg?w=2400&amp;ssl=1 2400w\" sizes=\"auto, (max-width: 800px) 100vw, 800px\" data-recalc-dims=\"1\" \/><\/figure><\/li><li class=\"blocks-gallery-item\"><figure><img loading=\"lazy\" decoding=\"async\" width=\"768\" height=\"1024\" data-attachment-id=\"664\" data-permalink=\"https:\/\/procanyoningcazorla.es\/procanyoningcazorla\/img_20180513_124421552\/\" data-orig-file=\"https:\/\/i0.wp.com\/procanyoningcazorla.es\/procanyoningcazorla\/wp-content\/uploads\/2019\/06\/IMG_20180513_124421552.jpg?fit=3120%2C4160&amp;ssl=1\" data-orig-size=\"3120,4160\" data-comments-opened=\"0\" data-image-meta=\"{&quot;aperture&quot;:&quot;2&quot;,&quot;credit&quot;:&quot;&quot;,&quot;camera&quot;:&quot;Moto G (5)&quot;,&quot;caption&quot;:&quot;&quot;,&quot;created_timestamp&quot;:&quot;1526215461&quot;,&quot;copyright&quot;:&quot;&quot;,&quot;focal_length&quot;:&quot;3.59&quot;,&quot;iso&quot;:&quot;50&quot;,&quot;shutter_speed&quot;:&quot;0.0017006802721088&quot;,&quot;title&quot;:&quot;&quot;,&quot;orientation&quot;:&quot;0&quot;}\" data-image-title=\"IMG_20180513_124421552\" data-image-description=\"\" data-image-caption=\"\" data-medium-file=\"https:\/\/i0.wp.com\/procanyoningcazorla.es\/procanyoningcazorla\/wp-content\/uploads\/2019\/06\/IMG_20180513_124421552.jpg?fit=225%2C300&amp;ssl=1\" data-large-file=\"https:\/\/i0.wp.com\/procanyoningcazorla.es\/procanyoningcazorla\/wp-content\/uploads\/2019\/06\/IMG_20180513_124421552.jpg?fit=768%2C1024&amp;ssl=1\" src=\"https:\/\/i0.wp.com\/procanyoningcazorla.es\/procanyoningcazorla\/wp-content\/uploads\/2019\/06\/IMG_20180513_124421552.jpg?resize=768%2C1024&#038;ssl=1\" alt=\"\" data-id=\"664\" data-link=\"https:\/\/procanyoningcazorla.es\/procanyoningcazorla\/img_20180513_124421552\/\" class=\"wp-image-664\" srcset=\"https:\/\/i0.wp.com\/procanyoningcazorla.es\/procanyoningcazorla\/wp-content\/uploads\/2019\/06\/IMG_20180513_124421552.jpg?resize=768%2C1024&amp;ssl=1 768w, https:\/\/i0.wp.com\/procanyoningcazorla.es\/procanyoningcazorla\/wp-content\/uploads\/2019\/06\/IMG_20180513_124421552.jpg?resize=225%2C300&amp;ssl=1 225w, https:\/\/i0.wp.com\/procanyoningcazorla.es\/procanyoningcazorla\/wp-content\/uploads\/2019\/06\/IMG_20180513_124421552.jpg?w=1600&amp;ssl=1 1600w, https:\/\/i0.wp.com\/procanyoningcazorla.es\/procanyoningcazorla\/wp-content\/uploads\/2019\/06\/IMG_20180513_124421552.jpg?w=2400&amp;ssl=1 2400w\" sizes=\"auto, (max-width: 768px) 100vw, 768px\" data-recalc-dims=\"1\" \/><\/figure><\/li><li class=\"blocks-gallery-item\"><figure><img loading=\"lazy\" decoding=\"async\" width=\"768\" height=\"1024\" data-attachment-id=\"665\" data-permalink=\"https:\/\/procanyoningcazorla.es\/procanyoningcazorla\/img_20180513_141611276\/\" data-orig-file=\"https:\/\/i0.wp.com\/procanyoningcazorla.es\/procanyoningcazorla\/wp-content\/uploads\/2019\/06\/IMG_20180513_141611276.jpg?fit=3120%2C4160&amp;ssl=1\" data-orig-size=\"3120,4160\" data-comments-opened=\"0\" data-image-meta=\"{&quot;aperture&quot;:&quot;2&quot;,&quot;credit&quot;:&quot;&quot;,&quot;camera&quot;:&quot;Moto G (5)&quot;,&quot;caption&quot;:&quot;&quot;,&quot;created_timestamp&quot;:&quot;1526220971&quot;,&quot;copyright&quot;:&quot;&quot;,&quot;focal_length&quot;:&quot;3.59&quot;,&quot;iso&quot;:&quot;50&quot;,&quot;shutter_speed&quot;:&quot;0.0025125628140704&quot;,&quot;title&quot;:&quot;&quot;,&quot;orientation&quot;:&quot;0&quot;}\" data-image-title=\"IMG_20180513_141611276\" data-image-description=\"\" data-image-caption=\"\" data-medium-file=\"https:\/\/i0.wp.com\/procanyoningcazorla.es\/procanyoningcazorla\/wp-content\/uploads\/2019\/06\/IMG_20180513_141611276.jpg?fit=225%2C300&amp;ssl=1\" data-large-file=\"https:\/\/i0.wp.com\/procanyoningcazorla.es\/procanyoningcazorla\/wp-content\/uploads\/2019\/06\/IMG_20180513_141611276.jpg?fit=768%2C1024&amp;ssl=1\" src=\"https:\/\/i0.wp.com\/procanyoningcazorla.es\/procanyoningcazorla\/wp-content\/uploads\/2019\/06\/IMG_20180513_141611276.jpg?resize=768%2C1024&#038;ssl=1\" alt=\"\" data-id=\"665\" data-link=\"https:\/\/procanyoningcazorla.es\/procanyoningcazorla\/img_20180513_141611276\/\" class=\"wp-image-665\" srcset=\"https:\/\/i0.wp.com\/procanyoningcazorla.es\/procanyoningcazorla\/wp-content\/uploads\/2019\/06\/IMG_20180513_141611276.jpg?resize=768%2C1024&amp;ssl=1 768w, https:\/\/i0.wp.com\/procanyoningcazorla.es\/procanyoningcazorla\/wp-content\/uploads\/2019\/06\/IMG_20180513_141611276.jpg?resize=225%2C300&amp;ssl=1 225w, https:\/\/i0.wp.com\/procanyoningcazorla.es\/procanyoningcazorla\/wp-content\/uploads\/2019\/06\/IMG_20180513_141611276.jpg?w=1600&amp;ssl=1 1600w, https:\/\/i0.wp.com\/procanyoningcazorla.es\/procanyoningcazorla\/wp-content\/uploads\/2019\/06\/IMG_20180513_141611276.jpg?w=2400&amp;ssl=1 2400w\" sizes=\"auto, (max-width: 768px) 100vw, 768px\" data-recalc-dims=\"1\" \/><\/figure><\/li><li class=\"blocks-gallery-item\"><figure><img loading=\"lazy\" decoding=\"async\" width=\"800\" height=\"600\" data-attachment-id=\"667\" data-permalink=\"https:\/\/procanyoningcazorla.es\/procanyoningcazorla\/img_20180513_141632938_hdr\/\" data-orig-file=\"https:\/\/i0.wp.com\/procanyoningcazorla.es\/procanyoningcazorla\/wp-content\/uploads\/2019\/06\/IMG_20180513_141632938_HDR.jpg?fit=4160%2C3120&amp;ssl=1\" data-orig-size=\"4160,3120\" data-comments-opened=\"0\" data-image-meta=\"{&quot;aperture&quot;:&quot;2&quot;,&quot;credit&quot;:&quot;&quot;,&quot;camera&quot;:&quot;Moto G (5)&quot;,&quot;caption&quot;:&quot;&quot;,&quot;created_timestamp&quot;:&quot;1526220993&quot;,&quot;copyright&quot;:&quot;&quot;,&quot;focal_length&quot;:&quot;3.59&quot;,&quot;iso&quot;:&quot;50&quot;,&quot;shutter_speed&quot;:&quot;0.0029940119760479&quot;,&quot;title&quot;:&quot;&quot;,&quot;orientation&quot;:&quot;0&quot;}\" data-image-title=\"IMG_20180513_141632938_HDR\" data-image-description=\"\" data-image-caption=\"\" data-medium-file=\"https:\/\/i0.wp.com\/procanyoningcazorla.es\/procanyoningcazorla\/wp-content\/uploads\/2019\/06\/IMG_20180513_141632938_HDR.jpg?fit=300%2C225&amp;ssl=1\" data-large-file=\"https:\/\/i0.wp.com\/procanyoningcazorla.es\/procanyoningcazorla\/wp-content\/uploads\/2019\/06\/IMG_20180513_141632938_HDR.jpg?fit=800%2C600&amp;ssl=1\" src=\"https:\/\/i0.wp.com\/procanyoningcazorla.es\/procanyoningcazorla\/wp-content\/uploads\/2019\/06\/IMG_20180513_141632938_HDR.jpg?resize=800%2C600&#038;ssl=1\" alt=\"\" data-id=\"667\" data-link=\"https:\/\/procanyoningcazorla.es\/procanyoningcazorla\/img_20180513_141632938_hdr\/\" class=\"wp-image-667\" srcset=\"https:\/\/i0.wp.com\/procanyoningcazorla.es\/procanyoningcazorla\/wp-content\/uploads\/2019\/06\/IMG_20180513_141632938_HDR.jpg?resize=1024%2C768&amp;ssl=1 1024w, https:\/\/i0.wp.com\/procanyoningcazorla.es\/procanyoningcazorla\/wp-content\/uploads\/2019\/06\/IMG_20180513_141632938_HDR.jpg?resize=300%2C225&amp;ssl=1 300w, https:\/\/i0.wp.com\/procanyoningcazorla.es\/procanyoningcazorla\/wp-content\/uploads\/2019\/06\/IMG_20180513_141632938_HDR.jpg?resize=768%2C576&amp;ssl=1 768w, https:\/\/i0.wp.com\/procanyoningcazorla.es\/procanyoningcazorla\/wp-content\/uploads\/2019\/06\/IMG_20180513_141632938_HDR.jpg?w=1600&amp;ssl=1 1600w, https:\/\/i0.wp.com\/procanyoningcazorla.es\/procanyoningcazorla\/wp-content\/uploads\/2019\/06\/IMG_20180513_141632938_HDR.jpg?w=2400&amp;ssl=1 2400w\" sizes=\"auto, (max-width: 800px) 100vw, 800px\" data-recalc-dims=\"1\" \/><\/figure><\/li><li class=\"blocks-gallery-item\"><figure><img loading=\"lazy\" decoding=\"async\" width=\"800\" height=\"600\" data-attachment-id=\"653\" data-permalink=\"https:\/\/procanyoningcazorla.es\/procanyoningcazorla\/img_20180512_205724177_hdr\/\" data-orig-file=\"https:\/\/i0.wp.com\/procanyoningcazorla.es\/procanyoningcazorla\/wp-content\/uploads\/2019\/06\/IMG_20180512_205724177_HDR.jpg?fit=4160%2C3120&amp;ssl=1\" data-orig-size=\"4160,3120\" data-comments-opened=\"0\" data-image-meta=\"{&quot;aperture&quot;:&quot;2&quot;,&quot;credit&quot;:&quot;&quot;,&quot;camera&quot;:&quot;Moto G (5)&quot;,&quot;caption&quot;:&quot;&quot;,&quot;created_timestamp&quot;:&quot;1526158644&quot;,&quot;copyright&quot;:&quot;&quot;,&quot;focal_length&quot;:&quot;3.59&quot;,&quot;iso&quot;:&quot;64&quot;,&quot;shutter_speed&quot;:&quot;0.02&quot;,&quot;title&quot;:&quot;&quot;,&quot;orientation&quot;:&quot;0&quot;}\" data-image-title=\"IMG_20180512_205724177_HDR\" data-image-description=\"\" data-image-caption=\"\" data-medium-file=\"https:\/\/i0.wp.com\/procanyoningcazorla.es\/procanyoningcazorla\/wp-content\/uploads\/2019\/06\/IMG_20180512_205724177_HDR.jpg?fit=300%2C225&amp;ssl=1\" data-large-file=\"https:\/\/i0.wp.com\/procanyoningcazorla.es\/procanyoningcazorla\/wp-content\/uploads\/2019\/06\/IMG_20180512_205724177_HDR.jpg?fit=800%2C600&amp;ssl=1\" src=\"https:\/\/i0.wp.com\/procanyoningcazorla.es\/procanyoningcazorla\/wp-content\/uploads\/2019\/06\/IMG_20180512_205724177_HDR.jpg?resize=800%2C600&#038;ssl=1\" alt=\"\" data-id=\"653\" data-link=\"https:\/\/procanyoningcazorla.es\/procanyoningcazorla\/img_20180512_205724177_hdr\/\" class=\"wp-image-653\" srcset=\"https:\/\/i0.wp.com\/procanyoningcazorla.es\/procanyoningcazorla\/wp-content\/uploads\/2019\/06\/IMG_20180512_205724177_HDR.jpg?resize=1024%2C768&amp;ssl=1 1024w, https:\/\/i0.wp.com\/procanyoningcazorla.es\/procanyoningcazorla\/wp-content\/uploads\/2019\/06\/IMG_20180512_205724177_HDR.jpg?resize=300%2C225&amp;ssl=1 300w, https:\/\/i0.wp.com\/procanyoningcazorla.es\/procanyoningcazorla\/wp-content\/uploads\/2019\/06\/IMG_20180512_205724177_HDR.jpg?resize=768%2C576&amp;ssl=1 768w, https:\/\/i0.wp.com\/procanyoningcazorla.es\/procanyoningcazorla\/wp-content\/uploads\/2019\/06\/IMG_20180512_205724177_HDR.jpg?w=1600&amp;ssl=1 1600w, https:\/\/i0.wp.com\/procanyoningcazorla.es\/procanyoningcazorla\/wp-content\/uploads\/2019\/06\/IMG_20180512_205724177_HDR.jpg?w=2400&amp;ssl=1 2400w\" sizes=\"auto, (max-width: 800px) 100vw, 800px\" data-recalc-dims=\"1\" \/><\/figure><\/li><\/ul><\/figure>\n","protected":false},"excerpt":{"rendered":"<p>\u00bfConoces las aldeas abandonadas de nuestro Parque natural? Los Centenares es una de las ellas, expropiada durante el r\u00e9gimen franquista<\/p>\n","protected":false},"author":1,"featured_media":659,"parent":68,"menu_order":0,"comment_status":"open","ping_status":"closed","template":"","meta":{"_monsterinsights_skip_tracking":false,"_monsterinsights_sitenote_active":false,"_monsterinsights_sitenote_note":"","_monsterinsights_sitenote_category":0,"jetpack_post_was_ever_published":false,"footnotes":""},"class_list":["post-648","page","type-page","status-publish","has-post-thumbnail","hentry"],"aioseo_notices":[],"jetpack_sharing_enabled":true,"_links":{"self":[{"href":"https:\/\/procanyoningcazorla.es\/procanyoningcazorla\/wp-json\/wp\/v2\/pages\/648","targetHints":{"allow":["GET"]}}],"collection":[{"href":"https:\/\/procanyoningcazorla.es\/procanyoningcazorla\/wp-json\/wp\/v2\/pages"}],"about":[{"href":"https:\/\/procanyoningcazorla.es\/procanyoningcazorla\/wp-json\/wp\/v2\/types\/page"}],"author":[{"embeddable":true,"href":"https:\/\/procanyoningcazorla.es\/procanyoningcazorla\/wp-json\/wp\/v2\/users\/1"}],"replies":[{"embeddable":true,"href":"https:\/\/procanyoningcazorla.es\/procanyoningcazorla\/wp-json\/wp\/v2\/comments?post=648"}],"version-history":[{"count":9,"href":"https:\/\/procanyoningcazorla.es\/procanyoningcazorla\/wp-json\/wp\/v2\/pages\/648\/revisions"}],"predecessor-version":[{"id":1094,"href":"https:\/\/procanyoningcazorla.es\/procanyoningcazorla\/wp-json\/wp\/v2\/pages\/648\/revisions\/1094"}],"up":[{"embeddable":true,"href":"https:\/\/procanyoningcazorla.es\/procanyoningcazorla\/wp-json\/wp\/v2\/pages\/68"}],"wp:featuredmedia":[{"embeddable":true,"href":"https:\/\/procanyoningcazorla.es\/procanyoningcazorla\/wp-json\/wp\/v2\/media\/659"}],"wp:attachment":[{"href":"https:\/\/procanyoningcazorla.es\/procanyoningcazorla\/wp-json\/wp\/v2\/media?parent=648"}],"curies":[{"name":"wp","href":"https:\/\/api.w.org\/{rel}","templated":true}]}}