
{"id":70,"date":"2019-05-02T18:17:40","date_gmt":"2019-05-02T16:17:40","guid":{"rendered":"http:\/\/u214768256.hostingerapp.com\/procanyoningcazorla\/?page_id=70"},"modified":"2022-03-24T20:21:10","modified_gmt":"2022-03-24T19:21:10","slug":"rutas-btt","status":"publish","type":"page","link":"https:\/\/procanyoningcazorla.es\/procanyoningcazorla\/rutas-btt\/","title":{"rendered":"Rutas BTT"},"content":{"rendered":"\n<p>Si eres un apasionado de la monta\u00f1a y la BTT, ven descubrebre con nosotros infinidad de rutas por todo el Parque Natural de Cazorla Segura y Las Villas.<\/p>\n\n\n\n<p>\u2013<strong>M\u00ednimo de participante<\/strong>: 4<\/p>\n\n\n\n<p>\u2013<strong>Tiempo de la actividad:<\/strong>&nbsp;media jornada y jornada completa<\/p>\n\n\n\n<p>\u2013<strong>Precio:<\/strong>&nbsp; 20\u20ac y 30\u20ac<\/p>\n\n\n\n<p>\u2013<strong>Nivel T\u00e9cnico<\/strong>: bajo-medio-alto.<\/p>\n\n\n\n<p>\u2013<strong>Nivel del los participante<\/strong>: bajo-medio-alto.<\/p>\n\n\n\n<p>\u2013<strong>Incluimos<\/strong>: gu\u00edas y monitores titulados, seguro de responsabilidad civil, seguro de accidentes,&nbsp;<strong>adem\u00e1s hacemos reportaje fotogr\u00e1fico GRATUITO<\/strong>.<\/p>\n\n\n\n<p>\u2013<strong>Material obligatorio para los participantes<\/strong>; Btt , casco, ropa c\u00f3moda, agua, repuesto para pinchazos, comida seg\u00fan la duraci\u00f3n de la actividad, documentaci\u00f3n personal.<\/p>\n\n\n\n<p><strong>-Material aportado por la empresa:<\/strong>&nbsp;botiqu\u00edn.<\/p>\n\n\n\n<p>\u2013<strong>Consejos:<\/strong>&nbsp;llevar agua 1 litro m\u00ednimo, protecci\u00f3n solar,&nbsp;si tenemos lente de contacto, traer alg\u00fan tipo de sujeci\u00f3n, para los que tienen el pelo largo hacer una trenza.<\/p>\n\n\n\n<div class=\"wp-block-group\"><div class=\"wp-block-group__inner-container is-layout-flow wp-block-group-is-layout-flow\"><\/div><\/div>\n\n\n\n<div class=\"wp-block-button aligncenter\"><a class=\"wp-block-button__link\" href=\"http:\/\/procanyoningcazorla.es\/procanyoningcazorla\/contacto\/\">Reservar<\/a><\/div>\n\n\n","protected":false},"excerpt":{"rendered":"<p>Si eres un apasionado de la monta\u00f1a y la BTT, ven descubrebre con nosotros infinidad de rutas por todo el<\/p>\n","protected":false},"author":1,"featured_media":1361,"parent":0,"menu_order":0,"comment_status":"closed","ping_status":"closed","template":"","meta":{"_monsterinsights_skip_tracking":false,"_monsterinsights_sitenote_active":false,"_monsterinsights_sitenote_note":"","_monsterinsights_sitenote_category":0,"jetpack_post_was_ever_published":false,"footnotes":""},"class_list":["post-70","page","type-page","status-publish","has-post-thumbnail","hentry"],"aioseo_notices":[],"jetpack_sharing_enabled":true,"_links":{"self":[{"href":"https:\/\/procanyoningcazorla.es\/procanyoningcazorla\/wp-json\/wp\/v2\/pages\/70","targetHints":{"allow":["GET"]}}],"collection":[{"href":"https:\/\/procanyoningcazorla.es\/procanyoningcazorla\/wp-json\/wp\/v2\/pages"}],"about":[{"href":"https:\/\/procanyoningcazorla.es\/procanyoningcazorla\/wp-json\/wp\/v2\/types\/page"}],"author":[{"embeddable":true,"href":"https:\/\/procanyoningcazorla.es\/procanyoningcazorla\/wp-json\/wp\/v2\/users\/1"}],"replies":[{"embeddable":true,"href":"https:\/\/procanyoningcazorla.es\/procanyoningcazorla\/wp-json\/wp\/v2\/comments?post=70"}],"version-history":[{"count":3,"href":"https:\/\/procanyoningcazorla.es\/procanyoningcazorla\/wp-json\/wp\/v2\/pages\/70\/revisions"}],"predecessor-version":[{"id":591,"href":"https:\/\/procanyoningcazorla.es\/procanyoningcazorla\/wp-json\/wp\/v2\/pages\/70\/revisions\/591"}],"wp:featuredmedia":[{"embeddable":true,"href":"https:\/\/procanyoningcazorla.es\/procanyoningcazorla\/wp-json\/wp\/v2\/media\/1361"}],"wp:attachment":[{"href":"https:\/\/procanyoningcazorla.es\/procanyoningcazorla\/wp-json\/wp\/v2\/media?parent=70"}],"curies":[{"name":"wp","href":"https:\/\/api.w.org\/{rel}","templated":true}]}}