
{"id":73,"date":"2019-05-02T18:18:30","date_gmt":"2019-05-02T16:18:30","guid":{"rendered":"http:\/\/u214768256.hostingerapp.com\/procanyoningcazorla\/?page_id=73"},"modified":"2022-03-25T17:35:01","modified_gmt":"2022-03-25T16:35:01","slug":"canoas-en-aguas-bravas","status":"publish","type":"page","link":"https:\/\/procanyoningcazorla.es\/procanyoningcazorla\/canoas-en-aguas-bravas\/","title":{"rendered":"Ruta en KAYAK"},"content":{"rendered":"\n<p>El kayak es una variedad de piragua de uno a cuatro tripulantes cuyo uso es fundamentalmente deportivo. En su origen eran de un solo tripulante y se usaban para pescar y cazar. El tripulante o palista se acomoda sentado y orientado en direcci\u00f3n al avance, a diferencia de las embarcaciones de remo, y propulsa la embarcaci\u00f3n mediante una pala de doble hoja o cuchara que no necesita de apoyo sobre el casco.<\/p>\n\n\n\n<p>\u2013<strong>M\u00ednimo de participante<\/strong>: 4<\/p>\n\n\n\n<p>\u2013<strong>Tiempo de la actividad:<\/strong>&nbsp;media jornada.<\/p>\n\n\n\n<p>\u2013<strong>Disponibilidad<\/strong>: primavera-verano.<\/p>\n\n\n\n<p>\u2013<strong>Precio:<\/strong>&nbsp;20\u20ac<\/p>\n\n\n\n<p>\u2013<strong>Nivel T\u00e9cnico<\/strong>: bajo<\/p>\n\n\n\n<p>\u2013<strong>Nivel del los participante<\/strong>: bajo<\/p>\n\n\n\n<p>\u2013<strong>Incluimos<\/strong>: gu\u00edas y monitores titulados, seguro de responsabilidad civil, seguro de accidentes,&nbsp;<strong>adem\u00e1s hacemos reportaje fotogr\u00e1fico GRATUITO<\/strong>.<\/p>\n\n\n\n<p>\u2013<strong>Material obligatorio para los participaste:<\/strong>&nbsp;calzado con cordones o botas de trekking con buen agarre, chanclas o cangrejeras, ba\u00f1ador, toalla, ropa de cambio, documentaci\u00f3n personal.<\/p>\n\n\n\n<p><strong>-Material aportado por la empresa:<\/strong>&nbsp;chalecos, remos y kayak.<\/p>\n\n\n\n<p>\u2013<strong>Consejos:<\/strong>&nbsp;si tenemos lente de contacto, traer alg\u00fan tipo de sujeci\u00f3n y si usas lentillas unas gafas de buceo es lo ideal, crema solar, gorra, gafas de sol, agua m\u00ednimo 1 litro.<\/p>\n\n\n\n<p class=\"has-text-align-center has-medium-font-size\"><strong>PRECIO: 20 \u20ac PERSONA<\/strong><\/p>\n\n\n\n<div class=\"wp-block-group\"><div class=\"wp-block-group__inner-container is-layout-flow wp-block-group-is-layout-flow\"><\/div><\/div>\n\n\n\n<div class=\"wp-block-button aligncenter\"><a class=\"wp-block-button__link\" href=\"http:\/\/procanyoningcazorla.es\/procanyoningcazorla\/contacto\/\">Reservar<\/a><\/div>\n\n\n","protected":false},"excerpt":{"rendered":"<p>El kayak es una variedad de piragua de uno a cuatro tripulantes cuyo uso es fundamentalmente deportivo. En su origen<\/p>\n","protected":false},"author":1,"featured_media":1403,"parent":0,"menu_order":0,"comment_status":"closed","ping_status":"closed","template":"","meta":{"_monsterinsights_skip_tracking":false,"_monsterinsights_sitenote_active":false,"_monsterinsights_sitenote_note":"","_monsterinsights_sitenote_category":0,"jetpack_post_was_ever_published":false,"footnotes":""},"class_list":["post-73","page","type-page","status-publish","has-post-thumbnail","hentry"],"aioseo_notices":[],"jetpack_sharing_enabled":true,"_links":{"self":[{"href":"https:\/\/procanyoningcazorla.es\/procanyoningcazorla\/wp-json\/wp\/v2\/pages\/73","targetHints":{"allow":["GET"]}}],"collection":[{"href":"https:\/\/procanyoningcazorla.es\/procanyoningcazorla\/wp-json\/wp\/v2\/pages"}],"about":[{"href":"https:\/\/procanyoningcazorla.es\/procanyoningcazorla\/wp-json\/wp\/v2\/types\/page"}],"author":[{"embeddable":true,"href":"https:\/\/procanyoningcazorla.es\/procanyoningcazorla\/wp-json\/wp\/v2\/users\/1"}],"replies":[{"embeddable":true,"href":"https:\/\/procanyoningcazorla.es\/procanyoningcazorla\/wp-json\/wp\/v2\/comments?post=73"}],"version-history":[{"count":6,"href":"https:\/\/procanyoningcazorla.es\/procanyoningcazorla\/wp-json\/wp\/v2\/pages\/73\/revisions"}],"predecessor-version":[{"id":1404,"href":"https:\/\/procanyoningcazorla.es\/procanyoningcazorla\/wp-json\/wp\/v2\/pages\/73\/revisions\/1404"}],"wp:featuredmedia":[{"embeddable":true,"href":"https:\/\/procanyoningcazorla.es\/procanyoningcazorla\/wp-json\/wp\/v2\/media\/1403"}],"wp:attachment":[{"href":"https:\/\/procanyoningcazorla.es\/procanyoningcazorla\/wp-json\/wp\/v2\/media?parent=73"}],"curies":[{"name":"wp","href":"https:\/\/api.w.org\/{rel}","templated":true}]}}