
{"id":80,"date":"2019-05-02T18:22:18","date_gmt":"2019-05-02T16:22:18","guid":{"rendered":"http:\/\/u214768256.hostingerapp.com\/procanyoningcazorla\/?page_id=80"},"modified":"2021-04-22T16:07:04","modified_gmt":"2021-04-22T14:07:04","slug":"tirolinas","status":"publish","type":"page","link":"https:\/\/procanyoningcazorla.es\/procanyoningcazorla\/multiaventura\/tirolinas\/","title":{"rendered":"Tirolinas"},"content":{"rendered":"\n<p>Una&nbsp;tirolina&nbsp;consiste en una&nbsp;polea&nbsp;suspendida por&nbsp;cables&nbsp;montados en un declive o inclinaci\u00f3n. Est\u00e1n dise\u00f1ados de modo que una o varias personas se impulsan por&nbsp;gravedad, y pueden deslizarse desde la parte superior hasta el fondo mediante un cable, usualmente de&nbsp;acero inoxidable o de cuerda est\u00e1tica. Es una pr\u00e1ctica com\u00fan en ejercicios&nbsp;militares o deportes de aventura, y tambi\u00e9n se utiliza por campesinos de regiones monta\u00f1osas escarpadas para cruzar grandes barrancos.<\/p>\n\n\n\n<p>\u2013<strong>M\u00ednimo de participante<\/strong>: 6<\/p>\n\n\n\n<p>\u2013<strong>Tiempo de la actividad:<\/strong>&nbsp;media jornada.<\/p>\n\n\n\n<p>\u2013<strong>Precio:<\/strong>&nbsp;25\u20ac<\/p>\n\n\n\n<p>\u2013<strong>Nivel T\u00e9cnico<\/strong>: bajo-medio-alto.<\/p>\n\n\n\n<p>\u2013<strong>Nivel del los participante<\/strong>: bajo-medio-alto.<\/p>\n\n\n\n<p>\u2013<strong>Incluimos<\/strong>: gu\u00edas y monitores titulados, seguro de responsabilidad civil, seguro de accidentes,&nbsp;<strong>adem\u00e1s hacemos reportaje fotogr\u00e1fico GRATUITO<\/strong>.<\/p>\n\n\n\n<p>\u2013<strong>Material<\/strong>; calzado con cordones o botas de trekking con buen agarre, ropa c\u00f3moda, agua, documentaci\u00f3n personal.<\/p>\n\n\n\n<p><strong>-Material aportado por la empresa:<\/strong>&nbsp;casco, arn\u00e9s, cuerdas y dem\u00e1s elementos de seguridad.<\/p>\n\n\n\n<p>\u2013<strong>Consejos:<\/strong>&nbsp;llevar agua 1 litro m\u00ednimo, protecci\u00f3n solar,&nbsp;si tenemos lente de contacto, traer alg\u00fan tipo de sujeci\u00f3n, para los que tienen el pelo largo hacer una trenza.<\/p>\n\n\n\n<p class=\"has-text-align-center has-medium-font-size\"><strong>PRECIO: 25 \u20ac PERSONA<\/strong><\/p>\n\n\n\n<div class=\"wp-block-group\"><div class=\"wp-block-group__inner-container is-layout-flow wp-block-group-is-layout-flow\"><\/div><\/div>\n\n\n\n<div class=\"wp-block-button aligncenter\"><a class=\"wp-block-button__link\" href=\"http:\/\/procanyoningcazorla.es\/procanyoningcazorla\/contacto\/\">Reservar<\/a><\/div>\n\n\n\n\n<p><\/p>\n<p><\/p>\n\n\n<figure class=\"wp-block-embed is-type-video is-provider-youtube wp-block-embed-youtube wp-embed-aspect-16-9 wp-has-aspect-ratio\"><div class=\"wp-block-embed__wrapper\">\n<iframe loading=\"lazy\" title=\"Tirolina Nacelr\u00edo\" width=\"800\" height=\"450\" src=\"https:\/\/www.youtube.com\/embed\/mRBIL_K07cs?feature=oembed\" frameborder=\"0\" allow=\"accelerometer; autoplay; clipboard-write; encrypted-media; gyroscope; picture-in-picture\" allowfullscreen><\/iframe>\n<\/div><\/figure>\n","protected":false},"excerpt":{"rendered":"<p>Una&nbsp;tirolina&nbsp;consiste en una&nbsp;polea&nbsp;suspendida por&nbsp;cables&nbsp;montados en un declive o inclinaci\u00f3n. Est\u00e1n dise\u00f1ados de modo que una o varias personas se impulsan<\/p>\n","protected":false},"author":1,"featured_media":686,"parent":60,"menu_order":0,"comment_status":"open","ping_status":"closed","template":"","meta":{"_monsterinsights_skip_tracking":false,"_monsterinsights_sitenote_active":false,"_monsterinsights_sitenote_note":"","_monsterinsights_sitenote_category":0,"jetpack_post_was_ever_published":false,"footnotes":""},"class_list":["post-80","page","type-page","status-publish","has-post-thumbnail","hentry"],"aioseo_notices":[],"jetpack_sharing_enabled":true,"_links":{"self":[{"href":"https:\/\/procanyoningcazorla.es\/procanyoningcazorla\/wp-json\/wp\/v2\/pages\/80","targetHints":{"allow":["GET"]}}],"collection":[{"href":"https:\/\/procanyoningcazorla.es\/procanyoningcazorla\/wp-json\/wp\/v2\/pages"}],"about":[{"href":"https:\/\/procanyoningcazorla.es\/procanyoningcazorla\/wp-json\/wp\/v2\/types\/page"}],"author":[{"embeddable":true,"href":"https:\/\/procanyoningcazorla.es\/procanyoningcazorla\/wp-json\/wp\/v2\/users\/1"}],"replies":[{"embeddable":true,"href":"https:\/\/procanyoningcazorla.es\/procanyoningcazorla\/wp-json\/wp\/v2\/comments?post=80"}],"version-history":[{"count":11,"href":"https:\/\/procanyoningcazorla.es\/procanyoningcazorla\/wp-json\/wp\/v2\/pages\/80\/revisions"}],"predecessor-version":[{"id":1022,"href":"https:\/\/procanyoningcazorla.es\/procanyoningcazorla\/wp-json\/wp\/v2\/pages\/80\/revisions\/1022"}],"up":[{"embeddable":true,"href":"https:\/\/procanyoningcazorla.es\/procanyoningcazorla\/wp-json\/wp\/v2\/pages\/60"}],"wp:featuredmedia":[{"embeddable":true,"href":"https:\/\/procanyoningcazorla.es\/procanyoningcazorla\/wp-json\/wp\/v2\/media\/686"}],"wp:attachment":[{"href":"https:\/\/procanyoningcazorla.es\/procanyoningcazorla\/wp-json\/wp\/v2\/media?parent=80"}],"curies":[{"name":"wp","href":"https:\/\/api.w.org\/{rel}","templated":true}]}}