
{"id":936,"date":"2020-05-26T20:17:38","date_gmt":"2020-05-26T18:17:38","guid":{"rendered":"https:\/\/procanyoningcazorla.es\/procanyoningcazorla\/?page_id=936"},"modified":"2020-05-26T20:17:39","modified_gmt":"2020-05-26T18:17:39","slug":"ruta-guiada-pino-de-las-cruces-arroyo-de-gualay-puente-de-las-herrerias","status":"publish","type":"page","link":"https:\/\/procanyoningcazorla.es\/procanyoningcazorla\/ruta-guiada-pino-de-las-cruces-arroyo-de-gualay-puente-de-las-herrerias\/","title":{"rendered":"Ruta Guiada: Pino de las Cruces &#8211; Arroyo de Gualay &#8211; Puente de las herrer\u00edas."},"content":{"rendered":"\n<p class=\"has-medium-font-size\">Realizamos una ruta guiada e interpretada partiendo desde el Pino de las Cruces, un majestuoso Pino Laricio lleno de marcas en su corteza. Cuenta la gente del lugar que los arrieros realizaban marcas en este pino, para comunicar a los compa\u00f1eros su paso por el sitio.<\/p>\n\n\n\n<p class=\"has-medium-font-size\">Descendiendo por el espectacular valle del Arroyo de los tornillos de Gualay y disfrutando gran parte del sendero del sonido del agua, hasta el Puente de las Herrer\u00edas.<\/p>\n\n\n\n<p><strong>Datos t\u00e9cnicos de la ruta:<\/strong><\/p>\n\n\n\n<figure class=\"wp-block-table\"><table><tbody><tr><td>Recurrido<\/td><td>Lineal<\/td><\/tr><tr><td>Distancia<\/td><td>15 km aprox.<\/td><\/tr><tr><td>Dificultad<\/td><td>Media<\/td><\/tr><tr><td>Tiempo<\/td><td>Jornada completa.<\/td><\/tr><\/tbody><\/table><\/figure>\n\n\n\n<p>\u00bfDESCUBRES ESTE PARA\u00cdSO CON NOSOTROS?<\/p>\n\n\n\n<p>Para m\u00e1s informaci\u00f3n y reservas a trav\u00e9s de los contactos:<\/p>\n\n\n\n<ul class=\"wp-block-list\"><li>Tel\u00e9fono: 652486269 (Atendemos Whatsapp).<\/li><\/ul>\n\n\n\n<ul class=\"wp-block-list\"><li>Email: procanyoning@outlook.com.<\/li><\/ul>\n","protected":false},"excerpt":{"rendered":"<p>Realizamos una ruta guiada e interpretada partiendo desde el Pino de las Cruces, un majestuoso Pino Laricio lleno de marcas<\/p>\n","protected":false},"author":1,"featured_media":943,"parent":0,"menu_order":0,"comment_status":"open","ping_status":"closed","template":"","meta":{"_monsterinsights_skip_tracking":false,"_monsterinsights_sitenote_active":false,"_monsterinsights_sitenote_note":"","_monsterinsights_sitenote_category":0,"jetpack_post_was_ever_published":false,"footnotes":""},"class_list":["post-936","page","type-page","status-publish","has-post-thumbnail","hentry"],"aioseo_notices":[],"jetpack_sharing_enabled":true,"_links":{"self":[{"href":"https:\/\/procanyoningcazorla.es\/procanyoningcazorla\/wp-json\/wp\/v2\/pages\/936","targetHints":{"allow":["GET"]}}],"collection":[{"href":"https:\/\/procanyoningcazorla.es\/procanyoningcazorla\/wp-json\/wp\/v2\/pages"}],"about":[{"href":"https:\/\/procanyoningcazorla.es\/procanyoningcazorla\/wp-json\/wp\/v2\/types\/page"}],"author":[{"embeddable":true,"href":"https:\/\/procanyoningcazorla.es\/procanyoningcazorla\/wp-json\/wp\/v2\/users\/1"}],"replies":[{"embeddable":true,"href":"https:\/\/procanyoningcazorla.es\/procanyoningcazorla\/wp-json\/wp\/v2\/comments?post=936"}],"version-history":[{"count":7,"href":"https:\/\/procanyoningcazorla.es\/procanyoningcazorla\/wp-json\/wp\/v2\/pages\/936\/revisions"}],"predecessor-version":[{"id":944,"href":"https:\/\/procanyoningcazorla.es\/procanyoningcazorla\/wp-json\/wp\/v2\/pages\/936\/revisions\/944"}],"wp:featuredmedia":[{"embeddable":true,"href":"https:\/\/procanyoningcazorla.es\/procanyoningcazorla\/wp-json\/wp\/v2\/media\/943"}],"wp:attachment":[{"href":"https:\/\/procanyoningcazorla.es\/procanyoningcazorla\/wp-json\/wp\/v2\/media?parent=936"}],"curies":[{"name":"wp","href":"https:\/\/api.w.org\/{rel}","templated":true}]}}