
{"id":953,"date":"2020-06-18T13:32:57","date_gmt":"2020-06-18T11:32:57","guid":{"rendered":"https:\/\/procanyoningcazorla.es\/procanyoningcazorla\/?page_id=953"},"modified":"2020-06-19T20:12:25","modified_gmt":"2020-06-19T18:12:25","slug":"ruta-guiada-cantalar-cortijo-de-toril-loma-de-maria-angela","status":"publish","type":"page","link":"https:\/\/procanyoningcazorla.es\/procanyoningcazorla\/senderismo-y-treking-para-grupos\/ruta-guiada-cantalar-cortijo-de-toril-loma-de-maria-angela\/","title":{"rendered":"Ruta guiada: Cantalar &#8211; Cortijo de Toril (Loma de Maria \u00c1ngela)"},"content":{"rendered":"\n<p>Recorreremos un bonito sendero que transcurre por el valle del Guadalquivir por una de las zonas m\u00e1s bonitas de nuestro Parque Natural, donde podremos observar el autentico bosque mediterr\u00e1neo, con todas la variedades de Quercus(Encinas,Quejigos, Coscojas, etc), tambi\u00e9n veremos muchos Madro\u00f1os, Cornicabras, Enebros, alg\u00fan Fresno y una gran variedad de plantas arom\u00e1ticas como Tomillos, Romeros, Mejoranas, Salvia, etc&#8230; y otras no tan arom\u00e1ticas pero no menos llamativas como Jaras, Madreselvas, Rosa Canina o Silvestre, etc&#8230;<\/p>\n\n\n\n<p>Dificultad: Baja-Media.<br>Distancia: 9 km Aprox.<br>Tiempo: Media jornada 5 horas.<\/p>\n\n\n\n<p>En el desarrollo de nuestras actividades, tomaremos todas las medidas necesarias para que se lleven a cabo las actividades de forma segura y de acuerdo a la normativa de desconfinamiento.<\/p>\n\n\n\n<p>Tarifa:<\/p>\n\n\n\n<ul class=\"wp-block-list\"><li>Precio para adult@s: 12\u20ac.<\/li><li>Precio para ni\u00f1@s a partir de 3 a\u00f1os hasta 12: 6\u20ac.<\/li><li>Precio para ni\u00f1@s hasta 3 a\u00f1os: Gratuito.<\/li><\/ul>\n\n\n\n<p>\u00a1Precio Familiar! Si vienes con tu familia solo pagar\u00e1s por uno de los ni\u00f1@s.<\/p>\n\n\n\n<br>\n\n\n\n<div class=\"wp-block-group\"><div class=\"wp-block-group__inner-container is-layout-flow wp-block-group-is-layout-flow\"><\/div><\/div>\n\n\n\n<div class=\"wp-block-button aligncenter\"><a class=\"wp-block-button__link\" href=\"http:\/\/procanyoningcazorla.es\/procanyoningcazorla\/contacto\/\">Reservar<\/a><\/div>\n\n\n\n\n\n<p>      <\/p>\n\n\n\n<div class=\"wp-block-jetpack-tiled-gallery aligncenter is-style-rectangular\"><div class=\"tiled-gallery__gallery\"><div class=\"tiled-gallery__row\"><div class=\"tiled-gallery__col\"><figure class=\"tiled-gallery__item\"><img decoding=\"async\" data-attachment-id=\"957\" data-permalink=\"https:\/\/procanyoningcazorla.es\/procanyoningcazorla\/senderismo-y-treking-para-grupos\/ruta-guiada-cantalar-cortijo-de-toril-loma-de-maria-angela\/cantalar\/\" data-orig-file=\"https:\/\/i0.wp.com\/procanyoningcazorla.es\/procanyoningcazorla\/wp-content\/uploads\/2020\/06\/cantalar.png?fit=1600%2C1200&amp;ssl=1\" data-orig-size=\"1600,1200\" data-comments-opened=\"0\" data-image-meta=\"{&quot;aperture&quot;:&quot;0&quot;,&quot;credit&quot;:&quot;&quot;,&quot;camera&quot;:&quot;&quot;,&quot;caption&quot;:&quot;&quot;,&quot;created_timestamp&quot;:&quot;0&quot;,&quot;copyright&quot;:&quot;&quot;,&quot;focal_length&quot;:&quot;0&quot;,&quot;iso&quot;:&quot;0&quot;,&quot;shutter_speed&quot;:&quot;0&quot;,&quot;title&quot;:&quot;&quot;,&quot;orientation&quot;:&quot;0&quot;}\" data-image-title=\"Cantalar\" data-image-description=\"\" data-image-caption=\"\" data-medium-file=\"https:\/\/i0.wp.com\/procanyoningcazorla.es\/procanyoningcazorla\/wp-content\/uploads\/2020\/06\/cantalar.png?fit=300%2C225&amp;ssl=1\" data-large-file=\"https:\/\/i0.wp.com\/procanyoningcazorla.es\/procanyoningcazorla\/wp-content\/uploads\/2020\/06\/cantalar.png?fit=800%2C600&amp;ssl=1\" data-attachment-id=\"957\" data-permalink=\"https:\/\/procanyoningcazorla.es\/procanyoningcazorla\/senderismo-y-treking-para-grupos\/ruta-guiada-cantalar-cortijo-de-toril-loma-de-maria-angela\/cantalar\/\" data-orig-file=\"https:\/\/i0.wp.com\/procanyoningcazorla.es\/procanyoningcazorla\/wp-content\/uploads\/2020\/06\/cantalar.png?fit=1600%2C1200&amp;ssl=1\" data-orig-size=\"1600,1200\" data-comments-opened=\"0\" data-image-meta=\"{&quot;aperture&quot;:&quot;0&quot;,&quot;credit&quot;:&quot;&quot;,&quot;camera&quot;:&quot;&quot;,&quot;caption&quot;:&quot;&quot;,&quot;created_timestamp&quot;:&quot;0&quot;,&quot;copyright&quot;:&quot;&quot;,&quot;focal_length&quot;:&quot;0&quot;,&quot;iso&quot;:&quot;0&quot;,&quot;shutter_speed&quot;:&quot;0&quot;,&quot;title&quot;:&quot;&quot;,&quot;orientation&quot;:&quot;0&quot;}\" data-image-title=\"Cantalar\" data-image-description=\"\" data-image-caption=\"\" data-medium-file=\"https:\/\/i0.wp.com\/procanyoningcazorla.es\/procanyoningcazorla\/wp-content\/uploads\/2020\/06\/cantalar.png?fit=300%2C225&amp;ssl=1\" data-large-file=\"https:\/\/i0.wp.com\/procanyoningcazorla.es\/procanyoningcazorla\/wp-content\/uploads\/2020\/06\/cantalar.png?fit=800%2C600&amp;ssl=1\" srcset=\"https:\/\/i0.wp.com\/procanyoningcazorla.es\/procanyoningcazorla\/wp-content\/uploads\/2020\/06\/cantalar.png?strip=info&#038;w=600&#038;ssl=1 600w,https:\/\/i0.wp.com\/procanyoningcazorla.es\/procanyoningcazorla\/wp-content\/uploads\/2020\/06\/cantalar.png?strip=info&#038;w=900&#038;ssl=1 900w,https:\/\/i0.wp.com\/procanyoningcazorla.es\/procanyoningcazorla\/wp-content\/uploads\/2020\/06\/cantalar.png?strip=info&#038;w=1200&#038;ssl=1 1200w,https:\/\/i0.wp.com\/procanyoningcazorla.es\/procanyoningcazorla\/wp-content\/uploads\/2020\/06\/cantalar.png?strip=info&#038;w=1500&#038;ssl=1 1500w,https:\/\/i0.wp.com\/procanyoningcazorla.es\/procanyoningcazorla\/wp-content\/uploads\/2020\/06\/cantalar.png?strip=info&#038;w=1600&#038;ssl=1 1600w\" alt=\"\" data-height=\"1200\" data-id=\"957\" data-link=\"https:\/\/procanyoningcazorla.es\/procanyoningcazorla\/?attachment_id=957\" data-url=\"https:\/\/procanyoningcazorla.es\/procanyoningcazorla\/wp-content\/uploads\/2020\/06\/cantalar.png\" data-width=\"1600\" src=\"https:\/\/i0.wp.com\/procanyoningcazorla.es\/procanyoningcazorla\/wp-content\/uploads\/2020\/06\/cantalar.png?ssl=1\"\/><\/figure><figure class=\"tiled-gallery__item\"><img decoding=\"async\" data-attachment-id=\"958\" data-permalink=\"https:\/\/procanyoningcazorla.es\/procanyoningcazorla\/senderismo-y-treking-para-grupos\/ruta-guiada-cantalar-cortijo-de-toril-loma-de-maria-angela\/dscf8104-1\/\" data-orig-file=\"https:\/\/i0.wp.com\/procanyoningcazorla.es\/procanyoningcazorla\/wp-content\/uploads\/2020\/06\/DSCF8104-1-scaled.jpg?fit=2560%2C1920&amp;ssl=1\" data-orig-size=\"2560,1920\" data-comments-opened=\"0\" data-image-meta=\"{&quot;aperture&quot;:&quot;8.8&quot;,&quot;credit&quot;:&quot;&quot;,&quot;camera&quot;:&quot;FinePix J27 J28 J29&quot;,&quot;caption&quot;:&quot;&quot;,&quot;created_timestamp&quot;:&quot;1578193685&quot;,&quot;copyright&quot;:&quot;&quot;,&quot;focal_length&quot;:&quot;5.7&quot;,&quot;iso&quot;:&quot;100&quot;,&quot;shutter_speed&quot;:&quot;0.005&quot;,&quot;title&quot;:&quot;&quot;,&quot;orientation&quot;:&quot;1&quot;}\" data-image-title=\"\" data-image-description=\"\" data-image-caption=\"\" data-medium-file=\"https:\/\/i0.wp.com\/procanyoningcazorla.es\/procanyoningcazorla\/wp-content\/uploads\/2020\/06\/DSCF8104-1-scaled.jpg?fit=300%2C225&amp;ssl=1\" data-large-file=\"https:\/\/i0.wp.com\/procanyoningcazorla.es\/procanyoningcazorla\/wp-content\/uploads\/2020\/06\/DSCF8104-1-scaled.jpg?fit=800%2C600&amp;ssl=1\" data-attachment-id=\"958\" data-permalink=\"https:\/\/procanyoningcazorla.es\/procanyoningcazorla\/senderismo-y-treking-para-grupos\/ruta-guiada-cantalar-cortijo-de-toril-loma-de-maria-angela\/dscf8104-1\/\" data-orig-file=\"https:\/\/i0.wp.com\/procanyoningcazorla.es\/procanyoningcazorla\/wp-content\/uploads\/2020\/06\/DSCF8104-1-scaled.jpg?fit=2560%2C1920&amp;ssl=1\" data-orig-size=\"2560,1920\" data-comments-opened=\"0\" data-image-meta=\"{&quot;aperture&quot;:&quot;8.8&quot;,&quot;credit&quot;:&quot;&quot;,&quot;camera&quot;:&quot;FinePix J27 J28 J29&quot;,&quot;caption&quot;:&quot;&quot;,&quot;created_timestamp&quot;:&quot;1578193685&quot;,&quot;copyright&quot;:&quot;&quot;,&quot;focal_length&quot;:&quot;5.7&quot;,&quot;iso&quot;:&quot;100&quot;,&quot;shutter_speed&quot;:&quot;0.005&quot;,&quot;title&quot;:&quot;&quot;,&quot;orientation&quot;:&quot;1&quot;}\" data-image-title=\"\" data-image-description=\"\" data-image-caption=\"\" data-medium-file=\"https:\/\/i0.wp.com\/procanyoningcazorla.es\/procanyoningcazorla\/wp-content\/uploads\/2020\/06\/DSCF8104-1-scaled.jpg?fit=300%2C225&amp;ssl=1\" data-large-file=\"https:\/\/i0.wp.com\/procanyoningcazorla.es\/procanyoningcazorla\/wp-content\/uploads\/2020\/06\/DSCF8104-1-scaled.jpg?fit=800%2C600&amp;ssl=1\" srcset=\"https:\/\/i1.wp.com\/procanyoningcazorla.es\/procanyoningcazorla\/wp-content\/uploads\/2020\/06\/DSCF8104-1-scaled.jpg?strip=info&#038;w=600&#038;ssl=1 600w,https:\/\/i1.wp.com\/procanyoningcazorla.es\/procanyoningcazorla\/wp-content\/uploads\/2020\/06\/DSCF8104-1-scaled.jpg?strip=info&#038;w=900&#038;ssl=1 900w,https:\/\/i1.wp.com\/procanyoningcazorla.es\/procanyoningcazorla\/wp-content\/uploads\/2020\/06\/DSCF8104-1-scaled.jpg?strip=info&#038;w=1200&#038;ssl=1 1200w,https:\/\/i1.wp.com\/procanyoningcazorla.es\/procanyoningcazorla\/wp-content\/uploads\/2020\/06\/DSCF8104-1-scaled.jpg?strip=info&#038;w=1500&#038;ssl=1 1500w,https:\/\/i1.wp.com\/procanyoningcazorla.es\/procanyoningcazorla\/wp-content\/uploads\/2020\/06\/DSCF8104-1-scaled.jpg?strip=info&#038;w=1800&#038;ssl=1 1800w,https:\/\/i1.wp.com\/procanyoningcazorla.es\/procanyoningcazorla\/wp-content\/uploads\/2020\/06\/DSCF8104-1-scaled.jpg?strip=info&#038;w=2000&#038;ssl=1 2000w\" alt=\"\" data-height=\"1920\" data-id=\"958\" data-link=\"https:\/\/procanyoningcazorla.es\/procanyoningcazorla\/?attachment_id=958\" data-url=\"https:\/\/procanyoningcazorla.es\/procanyoningcazorla\/wp-content\/uploads\/2020\/06\/DSCF8104-1-scaled.jpg\" data-width=\"2560\" src=\"https:\/\/i1.wp.com\/procanyoningcazorla.es\/procanyoningcazorla\/wp-content\/uploads\/2020\/06\/DSCF8104-1-scaled.jpg?ssl=1\"\/><\/figure><figure class=\"tiled-gallery__item\"><img decoding=\"async\" data-attachment-id=\"959\" data-permalink=\"https:\/\/procanyoningcazorla.es\/procanyoningcazorla\/senderismo-y-treking-para-grupos\/ruta-guiada-cantalar-cortijo-de-toril-loma-de-maria-angela\/whatsapp-image-2020-06-17-at-14-41-53\/\" data-orig-file=\"https:\/\/i0.wp.com\/procanyoningcazorla.es\/procanyoningcazorla\/wp-content\/uploads\/2020\/06\/WhatsApp-Image-2020-06-17-at-14.41.53.jpeg?fit=1600%2C900&amp;ssl=1\" data-orig-size=\"1600,900\" data-comments-opened=\"0\" data-image-meta=\"{&quot;aperture&quot;:&quot;0&quot;,&quot;credit&quot;:&quot;&quot;,&quot;camera&quot;:&quot;&quot;,&quot;caption&quot;:&quot;&quot;,&quot;created_timestamp&quot;:&quot;0&quot;,&quot;copyright&quot;:&quot;&quot;,&quot;focal_length&quot;:&quot;0&quot;,&quot;iso&quot;:&quot;0&quot;,&quot;shutter_speed&quot;:&quot;0&quot;,&quot;title&quot;:&quot;&quot;,&quot;orientation&quot;:&quot;0&quot;}\" data-image-title=\"\" data-image-description=\"\" data-image-caption=\"\" data-medium-file=\"https:\/\/i0.wp.com\/procanyoningcazorla.es\/procanyoningcazorla\/wp-content\/uploads\/2020\/06\/WhatsApp-Image-2020-06-17-at-14.41.53.jpeg?fit=300%2C169&amp;ssl=1\" data-large-file=\"https:\/\/i0.wp.com\/procanyoningcazorla.es\/procanyoningcazorla\/wp-content\/uploads\/2020\/06\/WhatsApp-Image-2020-06-17-at-14.41.53.jpeg?fit=800%2C450&amp;ssl=1\" data-attachment-id=\"959\" data-permalink=\"https:\/\/procanyoningcazorla.es\/procanyoningcazorla\/senderismo-y-treking-para-grupos\/ruta-guiada-cantalar-cortijo-de-toril-loma-de-maria-angela\/whatsapp-image-2020-06-17-at-14-41-53\/\" data-orig-file=\"https:\/\/i0.wp.com\/procanyoningcazorla.es\/procanyoningcazorla\/wp-content\/uploads\/2020\/06\/WhatsApp-Image-2020-06-17-at-14.41.53.jpeg?fit=1600%2C900&amp;ssl=1\" data-orig-size=\"1600,900\" data-comments-opened=\"0\" data-image-meta=\"{&quot;aperture&quot;:&quot;0&quot;,&quot;credit&quot;:&quot;&quot;,&quot;camera&quot;:&quot;&quot;,&quot;caption&quot;:&quot;&quot;,&quot;created_timestamp&quot;:&quot;0&quot;,&quot;copyright&quot;:&quot;&quot;,&quot;focal_length&quot;:&quot;0&quot;,&quot;iso&quot;:&quot;0&quot;,&quot;shutter_speed&quot;:&quot;0&quot;,&quot;title&quot;:&quot;&quot;,&quot;orientation&quot;:&quot;0&quot;}\" data-image-title=\"\" data-image-description=\"\" data-image-caption=\"\" data-medium-file=\"https:\/\/i0.wp.com\/procanyoningcazorla.es\/procanyoningcazorla\/wp-content\/uploads\/2020\/06\/WhatsApp-Image-2020-06-17-at-14.41.53.jpeg?fit=300%2C169&amp;ssl=1\" data-large-file=\"https:\/\/i0.wp.com\/procanyoningcazorla.es\/procanyoningcazorla\/wp-content\/uploads\/2020\/06\/WhatsApp-Image-2020-06-17-at-14.41.53.jpeg?fit=800%2C450&amp;ssl=1\" srcset=\"https:\/\/i1.wp.com\/procanyoningcazorla.es\/procanyoningcazorla\/wp-content\/uploads\/2020\/06\/WhatsApp-Image-2020-06-17-at-14.41.53.jpeg?strip=info&#038;w=600&#038;ssl=1 600w,https:\/\/i1.wp.com\/procanyoningcazorla.es\/procanyoningcazorla\/wp-content\/uploads\/2020\/06\/WhatsApp-Image-2020-06-17-at-14.41.53.jpeg?strip=info&#038;w=900&#038;ssl=1 900w,https:\/\/i1.wp.com\/procanyoningcazorla.es\/procanyoningcazorla\/wp-content\/uploads\/2020\/06\/WhatsApp-Image-2020-06-17-at-14.41.53.jpeg?strip=info&#038;w=1200&#038;ssl=1 1200w,https:\/\/i1.wp.com\/procanyoningcazorla.es\/procanyoningcazorla\/wp-content\/uploads\/2020\/06\/WhatsApp-Image-2020-06-17-at-14.41.53.jpeg?strip=info&#038;w=1500&#038;ssl=1 1500w,https:\/\/i1.wp.com\/procanyoningcazorla.es\/procanyoningcazorla\/wp-content\/uploads\/2020\/06\/WhatsApp-Image-2020-06-17-at-14.41.53.jpeg?strip=info&#038;w=1600&#038;ssl=1 1600w\" alt=\"\" data-height=\"900\" data-id=\"959\" data-link=\"https:\/\/procanyoningcazorla.es\/procanyoningcazorla\/?attachment_id=959\" data-url=\"https:\/\/procanyoningcazorla.es\/procanyoningcazorla\/wp-content\/uploads\/2020\/06\/WhatsApp-Image-2020-06-17-at-14.41.53.jpeg\" data-width=\"1600\" src=\"https:\/\/i1.wp.com\/procanyoningcazorla.es\/procanyoningcazorla\/wp-content\/uploads\/2020\/06\/WhatsApp-Image-2020-06-17-at-14.41.53.jpeg?ssl=1\"\/><\/figure><\/div><div class=\"tiled-gallery__col\"><figure class=\"tiled-gallery__item\"><img decoding=\"async\" data-attachment-id=\"960\" data-permalink=\"https:\/\/procanyoningcazorla.es\/procanyoningcazorla\/senderismo-y-treking-para-grupos\/ruta-guiada-cantalar-cortijo-de-toril-loma-de-maria-angela\/whatsapp-image-2020-06-17-at-20-09-46\/\" data-orig-file=\"https:\/\/i0.wp.com\/procanyoningcazorla.es\/procanyoningcazorla\/wp-content\/uploads\/2020\/06\/WhatsApp-Image-2020-06-17-at-20.09.46.jpeg?fit=1202%2C1600&amp;ssl=1\" data-orig-size=\"1202,1600\" data-comments-opened=\"0\" data-image-meta=\"{&quot;aperture&quot;:&quot;0&quot;,&quot;credit&quot;:&quot;&quot;,&quot;camera&quot;:&quot;&quot;,&quot;caption&quot;:&quot;&quot;,&quot;created_timestamp&quot;:&quot;0&quot;,&quot;copyright&quot;:&quot;&quot;,&quot;focal_length&quot;:&quot;0&quot;,&quot;iso&quot;:&quot;0&quot;,&quot;shutter_speed&quot;:&quot;0&quot;,&quot;title&quot;:&quot;&quot;,&quot;orientation&quot;:&quot;0&quot;}\" data-image-title=\"\" data-image-description=\"\" data-image-caption=\"\" data-medium-file=\"https:\/\/i0.wp.com\/procanyoningcazorla.es\/procanyoningcazorla\/wp-content\/uploads\/2020\/06\/WhatsApp-Image-2020-06-17-at-20.09.46.jpeg?fit=225%2C300&amp;ssl=1\" data-large-file=\"https:\/\/i0.wp.com\/procanyoningcazorla.es\/procanyoningcazorla\/wp-content\/uploads\/2020\/06\/WhatsApp-Image-2020-06-17-at-20.09.46.jpeg?fit=769%2C1024&amp;ssl=1\" data-attachment-id=\"960\" data-permalink=\"https:\/\/procanyoningcazorla.es\/procanyoningcazorla\/senderismo-y-treking-para-grupos\/ruta-guiada-cantalar-cortijo-de-toril-loma-de-maria-angela\/whatsapp-image-2020-06-17-at-20-09-46\/\" data-orig-file=\"https:\/\/i0.wp.com\/procanyoningcazorla.es\/procanyoningcazorla\/wp-content\/uploads\/2020\/06\/WhatsApp-Image-2020-06-17-at-20.09.46.jpeg?fit=1202%2C1600&amp;ssl=1\" data-orig-size=\"1202,1600\" data-comments-opened=\"0\" data-image-meta=\"{&quot;aperture&quot;:&quot;0&quot;,&quot;credit&quot;:&quot;&quot;,&quot;camera&quot;:&quot;&quot;,&quot;caption&quot;:&quot;&quot;,&quot;created_timestamp&quot;:&quot;0&quot;,&quot;copyright&quot;:&quot;&quot;,&quot;focal_length&quot;:&quot;0&quot;,&quot;iso&quot;:&quot;0&quot;,&quot;shutter_speed&quot;:&quot;0&quot;,&quot;title&quot;:&quot;&quot;,&quot;orientation&quot;:&quot;0&quot;}\" data-image-title=\"\" data-image-description=\"\" data-image-caption=\"\" data-medium-file=\"https:\/\/i0.wp.com\/procanyoningcazorla.es\/procanyoningcazorla\/wp-content\/uploads\/2020\/06\/WhatsApp-Image-2020-06-17-at-20.09.46.jpeg?fit=225%2C300&amp;ssl=1\" data-large-file=\"https:\/\/i0.wp.com\/procanyoningcazorla.es\/procanyoningcazorla\/wp-content\/uploads\/2020\/06\/WhatsApp-Image-2020-06-17-at-20.09.46.jpeg?fit=769%2C1024&amp;ssl=1\" srcset=\"https:\/\/i0.wp.com\/procanyoningcazorla.es\/procanyoningcazorla\/wp-content\/uploads\/2020\/06\/WhatsApp-Image-2020-06-17-at-20.09.46.jpeg?strip=info&#038;w=600&#038;ssl=1 600w,https:\/\/i0.wp.com\/procanyoningcazorla.es\/procanyoningcazorla\/wp-content\/uploads\/2020\/06\/WhatsApp-Image-2020-06-17-at-20.09.46.jpeg?strip=info&#038;w=900&#038;ssl=1 900w,https:\/\/i0.wp.com\/procanyoningcazorla.es\/procanyoningcazorla\/wp-content\/uploads\/2020\/06\/WhatsApp-Image-2020-06-17-at-20.09.46.jpeg?strip=info&#038;w=1200&#038;ssl=1 1200w,https:\/\/i0.wp.com\/procanyoningcazorla.es\/procanyoningcazorla\/wp-content\/uploads\/2020\/06\/WhatsApp-Image-2020-06-17-at-20.09.46.jpeg?strip=info&#038;w=1202&#038;ssl=1 1202w\" alt=\"\" data-height=\"1600\" data-id=\"960\" data-link=\"https:\/\/procanyoningcazorla.es\/procanyoningcazorla\/?attachment_id=960\" data-url=\"https:\/\/procanyoningcazorla.es\/procanyoningcazorla\/wp-content\/uploads\/2020\/06\/WhatsApp-Image-2020-06-17-at-20.09.46.jpeg\" data-width=\"1202\" src=\"https:\/\/i0.wp.com\/procanyoningcazorla.es\/procanyoningcazorla\/wp-content\/uploads\/2020\/06\/WhatsApp-Image-2020-06-17-at-20.09.46.jpeg?ssl=1\"\/><\/figure><\/div><\/div><div class=\"tiled-gallery__row\"><div class=\"tiled-gallery__col\"><figure class=\"tiled-gallery__item\"><img decoding=\"async\" data-attachment-id=\"961\" data-permalink=\"https:\/\/procanyoningcazorla.es\/procanyoningcazorla\/senderismo-y-treking-para-grupos\/ruta-guiada-cantalar-cortijo-de-toril-loma-de-maria-angela\/whatsapp-image-2020-06-17-at-19-58-44\/\" data-orig-file=\"https:\/\/i0.wp.com\/procanyoningcazorla.es\/procanyoningcazorla\/wp-content\/uploads\/2020\/06\/WhatsApp-Image-2020-06-17-at-19.58.44.jpeg?fit=1600%2C1203&amp;ssl=1\" data-orig-size=\"1600,1203\" data-comments-opened=\"0\" data-image-meta=\"{&quot;aperture&quot;:&quot;0&quot;,&quot;credit&quot;:&quot;&quot;,&quot;camera&quot;:&quot;&quot;,&quot;caption&quot;:&quot;&quot;,&quot;created_timestamp&quot;:&quot;0&quot;,&quot;copyright&quot;:&quot;&quot;,&quot;focal_length&quot;:&quot;0&quot;,&quot;iso&quot;:&quot;0&quot;,&quot;shutter_speed&quot;:&quot;0&quot;,&quot;title&quot;:&quot;&quot;,&quot;orientation&quot;:&quot;0&quot;}\" data-image-title=\"\" data-image-description=\"\" data-image-caption=\"\" data-medium-file=\"https:\/\/i0.wp.com\/procanyoningcazorla.es\/procanyoningcazorla\/wp-content\/uploads\/2020\/06\/WhatsApp-Image-2020-06-17-at-19.58.44.jpeg?fit=300%2C226&amp;ssl=1\" data-large-file=\"https:\/\/i0.wp.com\/procanyoningcazorla.es\/procanyoningcazorla\/wp-content\/uploads\/2020\/06\/WhatsApp-Image-2020-06-17-at-19.58.44.jpeg?fit=800%2C602&amp;ssl=1\" data-attachment-id=\"961\" data-permalink=\"https:\/\/procanyoningcazorla.es\/procanyoningcazorla\/senderismo-y-treking-para-grupos\/ruta-guiada-cantalar-cortijo-de-toril-loma-de-maria-angela\/whatsapp-image-2020-06-17-at-19-58-44\/\" data-orig-file=\"https:\/\/i0.wp.com\/procanyoningcazorla.es\/procanyoningcazorla\/wp-content\/uploads\/2020\/06\/WhatsApp-Image-2020-06-17-at-19.58.44.jpeg?fit=1600%2C1203&amp;ssl=1\" data-orig-size=\"1600,1203\" data-comments-opened=\"0\" data-image-meta=\"{&quot;aperture&quot;:&quot;0&quot;,&quot;credit&quot;:&quot;&quot;,&quot;camera&quot;:&quot;&quot;,&quot;caption&quot;:&quot;&quot;,&quot;created_timestamp&quot;:&quot;0&quot;,&quot;copyright&quot;:&quot;&quot;,&quot;focal_length&quot;:&quot;0&quot;,&quot;iso&quot;:&quot;0&quot;,&quot;shutter_speed&quot;:&quot;0&quot;,&quot;title&quot;:&quot;&quot;,&quot;orientation&quot;:&quot;0&quot;}\" data-image-title=\"\" data-image-description=\"\" data-image-caption=\"\" data-medium-file=\"https:\/\/i0.wp.com\/procanyoningcazorla.es\/procanyoningcazorla\/wp-content\/uploads\/2020\/06\/WhatsApp-Image-2020-06-17-at-19.58.44.jpeg?fit=300%2C226&amp;ssl=1\" data-large-file=\"https:\/\/i0.wp.com\/procanyoningcazorla.es\/procanyoningcazorla\/wp-content\/uploads\/2020\/06\/WhatsApp-Image-2020-06-17-at-19.58.44.jpeg?fit=800%2C602&amp;ssl=1\" srcset=\"https:\/\/i1.wp.com\/procanyoningcazorla.es\/procanyoningcazorla\/wp-content\/uploads\/2020\/06\/WhatsApp-Image-2020-06-17-at-19.58.44.jpeg?strip=info&#038;w=600&#038;ssl=1 600w,https:\/\/i1.wp.com\/procanyoningcazorla.es\/procanyoningcazorla\/wp-content\/uploads\/2020\/06\/WhatsApp-Image-2020-06-17-at-19.58.44.jpeg?strip=info&#038;w=900&#038;ssl=1 900w,https:\/\/i1.wp.com\/procanyoningcazorla.es\/procanyoningcazorla\/wp-content\/uploads\/2020\/06\/WhatsApp-Image-2020-06-17-at-19.58.44.jpeg?strip=info&#038;w=1200&#038;ssl=1 1200w,https:\/\/i1.wp.com\/procanyoningcazorla.es\/procanyoningcazorla\/wp-content\/uploads\/2020\/06\/WhatsApp-Image-2020-06-17-at-19.58.44.jpeg?strip=info&#038;w=1500&#038;ssl=1 1500w,https:\/\/i1.wp.com\/procanyoningcazorla.es\/procanyoningcazorla\/wp-content\/uploads\/2020\/06\/WhatsApp-Image-2020-06-17-at-19.58.44.jpeg?strip=info&#038;w=1600&#038;ssl=1 1600w\" alt=\"\" data-height=\"1203\" data-id=\"961\" data-link=\"https:\/\/procanyoningcazorla.es\/procanyoningcazorla\/?attachment_id=961\" data-url=\"https:\/\/procanyoningcazorla.es\/procanyoningcazorla\/wp-content\/uploads\/2020\/06\/WhatsApp-Image-2020-06-17-at-19.58.44.jpeg\" data-width=\"1600\" src=\"https:\/\/i1.wp.com\/procanyoningcazorla.es\/procanyoningcazorla\/wp-content\/uploads\/2020\/06\/WhatsApp-Image-2020-06-17-at-19.58.44.jpeg?ssl=1\"\/><\/figure><\/div><\/div><\/div><\/div>\n\n\n\n<p>      <\/p>\n","protected":false},"excerpt":{"rendered":"<p>Recorreremos un bonito sendero que transcurre por el valle del Guadalquivir por una de las zonas m\u00e1s bonitas de nuestro<\/p>\n","protected":false},"author":2,"featured_media":956,"parent":612,"menu_order":0,"comment_status":"open","ping_status":"closed","template":"","meta":{"_monsterinsights_skip_tracking":false,"_monsterinsights_sitenote_active":false,"_monsterinsights_sitenote_note":"","_monsterinsights_sitenote_category":0,"jetpack_post_was_ever_published":false,"footnotes":""},"class_list":["post-953","page","type-page","status-publish","has-post-thumbnail","hentry"],"aioseo_notices":[],"jetpack_sharing_enabled":true,"_links":{"self":[{"href":"https:\/\/procanyoningcazorla.es\/procanyoningcazorla\/wp-json\/wp\/v2\/pages\/953","targetHints":{"allow":["GET"]}}],"collection":[{"href":"https:\/\/procanyoningcazorla.es\/procanyoningcazorla\/wp-json\/wp\/v2\/pages"}],"about":[{"href":"https:\/\/procanyoningcazorla.es\/procanyoningcazorla\/wp-json\/wp\/v2\/types\/page"}],"author":[{"embeddable":true,"href":"https:\/\/procanyoningcazorla.es\/procanyoningcazorla\/wp-json\/wp\/v2\/users\/2"}],"replies":[{"embeddable":true,"href":"https:\/\/procanyoningcazorla.es\/procanyoningcazorla\/wp-json\/wp\/v2\/comments?post=953"}],"version-history":[{"count":17,"href":"https:\/\/procanyoningcazorla.es\/procanyoningcazorla\/wp-json\/wp\/v2\/pages\/953\/revisions"}],"predecessor-version":[{"id":988,"href":"https:\/\/procanyoningcazorla.es\/procanyoningcazorla\/wp-json\/wp\/v2\/pages\/953\/revisions\/988"}],"up":[{"embeddable":true,"href":"https:\/\/procanyoningcazorla.es\/procanyoningcazorla\/wp-json\/wp\/v2\/pages\/612"}],"wp:featuredmedia":[{"embeddable":true,"href":"https:\/\/procanyoningcazorla.es\/procanyoningcazorla\/wp-json\/wp\/v2\/media\/956"}],"wp:attachment":[{"href":"https:\/\/procanyoningcazorla.es\/procanyoningcazorla\/wp-json\/wp\/v2\/media?parent=953"}],"curies":[{"name":"wp","href":"https:\/\/api.w.org\/{rel}","templated":true}]}}